{"id":2369,"date":"2026-02-24T17:49:44","date_gmt":"2026-02-24T16:49:44","guid":{"rendered":"https:\/\/www.it-pro.fr\/?post_type=product&#038;p=2369"},"modified":"2026-02-24T17:50:32","modified_gmt":"2026-02-24T16:50:32","slug":"redmi-a5","status":"publish","type":"product","link":"https:\/\/www.it-pro.fr\/index.php\/produit\/redmi-a5\/","title":{"rendered":"Redmi A5"},"content":{"rendered":"<p>Le Xiaomi Redmi A5 est un smartphone con\u00e7u pour vous offrir une exp\u00e9rience fluide et efficace dans un appareil compact et \u00e9l\u00e9gant. Avec l&rsquo;\u00e9cran HD+ de 6,88 pouces, profitez d&rsquo;un affichage large et net, parfait pour naviguer sur les r\u00e9seaux sociaux, regarder des vid\u00e9os ou jouer.<\/p>\n<p>4 Go de RAM extensibles assurent une performance rapide et sans interruption, m\u00eame lorsque plusieurs applications sont ex\u00e9cut\u00e9es simultan\u00e9ment. En outre, les 128 Go de m\u00e9moire interne vous offrent beaucoup d&rsquo;espace pour stocker vos photos, vid\u00e9os, applications et fichiers.<\/p>\n<p>La batterie de 5200 mAh vous permet de profiter de votre smartphone toute la journ\u00e9e sans vous soucier de manquer de courant. Le syst\u00e8me de double cam\u00e9ra vous permet de capturer des moments sp\u00e9ciaux avec de grands d\u00e9tails, tandis que le design mince et minimaliste en noir de minuit en fait un accessoire \u00e0 la mode.<\/p>\n<p>Si vous recherchez un smartphone bon march\u00e9 avec d&rsquo;excellentes performances, le Xiaomi Redmi A5 est le choix parfait.<\/p>\n","protected":false},"excerpt":{"rendered":"<p>Le Xiaomi Redmi A5 est un smartphone con\u00e7u pour vous offrir une exp\u00e9rience fluide et efficace dans un appareil compact et \u00e9l\u00e9gant. Avec l&rsquo;\u00e9cran HD+ de 6,88 pouces, profitez d&rsquo;un affichage large et net, parfait pour naviguer sur les r\u00e9seaux sociaux, regarder des vid\u00e9os ou jouer. 4 Go de RAM extensibles assurent une performance rapide&#8230;<\/p>\n","protected":false},"featured_media":2370,"comment_status":"open","ping_status":"closed","template":"","meta":{"_kad_post_transparent":"default","_kad_post_title":"","_kad_post_layout":"default","_kad_post_sidebar_id":"","_kad_post_content_style":"default","_kad_post_vertical_padding":"default","_kad_post_feature":"","_kad_post_feature_position":"","_kad_post_header":false,"_kad_post_footer":false,"_kad_post_classname":""},"product_brand":[],"product_cat":[83],"product_tag":[],"class_list":{"0":"post-2369","1":"product","2":"type-product","3":"status-publish","4":"has-post-thumbnail","6":"product_cat-telephone-portable","8":"first","9":"instock","10":"taxable","11":"shipping-taxable","12":"purchasable","13":"product-type-simple","14":"entry","15":"content-bg","16":"loop-entry"},"yoast_head":"<!-- This site is optimized with the Yoast SEO plugin v27.5 - https:\/\/yoast.com\/product\/yoast-seo-wordpress\/ -->\n<title>Redmi A5 - IT-PRO<\/title>\n<meta name=\"robots\" content=\"index, follow, max-snippet:-1, max-image-preview:large, max-video-preview:-1\" \/>\n<link rel=\"canonical\" href=\"https:\/\/www.it-pro.fr\/index.php\/produit\/redmi-a5\/\" \/>\n<meta property=\"og:locale\" content=\"fr_FR\" \/>\n<meta property=\"og:type\" content=\"article\" \/>\n<meta property=\"og:title\" content=\"Redmi A5 - IT-PRO\" \/>\n<meta property=\"og:description\" content=\"Le Xiaomi Redmi A5 est un smartphone con\u00e7u pour vous offrir une exp\u00e9rience fluide et efficace dans un appareil compact et \u00e9l\u00e9gant. Avec l&rsquo;\u00e9cran HD+ de 6,88 pouces, profitez d&rsquo;un affichage large et net, parfait pour naviguer sur les r\u00e9seaux sociaux, regarder des vid\u00e9os ou jouer. 4 Go de RAM extensibles assurent une performance rapide...\" \/>\n<meta property=\"og:url\" content=\"https:\/\/www.it-pro.fr\/index.php\/produit\/redmi-a5\/\" \/>\n<meta property=\"og:site_name\" content=\"IT-PRO\" \/>\n<meta property=\"article:publisher\" content=\"https:\/\/www.facebook.com\/profile.php?id=61573944776199\" \/>\n<meta property=\"article:modified_time\" content=\"2026-02-24T16:50:32+00:00\" \/>\n<meta property=\"og:image\" content=\"https:\/\/www.it-pro.fr\/wp-content\/uploads\/2026\/02\/Blue-Gradient-Modern-Professional-Gadget-Laptop-Store-Instagram-Post-3.png\" \/>\n\t<meta property=\"og:image:width\" content=\"1080\" \/>\n\t<meta property=\"og:image:height\" content=\"1080\" \/>\n\t<meta property=\"og:image:type\" content=\"image\/png\" \/>\n<meta name=\"twitter:card\" content=\"summary_large_image\" \/>\n<meta name=\"twitter:label1\" content=\"Dur\u00e9e de lecture estim\u00e9e\" \/>\n\t<meta name=\"twitter:data1\" content=\"2 minutes\" \/>\n<script type=\"application\/ld+json\" class=\"yoast-schema-graph\">{\"@context\":\"https:\\\/\\\/schema.org\",\"@graph\":[{\"@type\":\"WebPage\",\"@id\":\"https:\\\/\\\/www.it-pro.fr\\\/index.php\\\/produit\\\/redmi-a5\\\/\",\"url\":\"https:\\\/\\\/www.it-pro.fr\\\/index.php\\\/produit\\\/redmi-a5\\\/\",\"name\":\"Redmi A5 - IT-PRO\",\"isPartOf\":{\"@id\":\"https:\\\/\\\/www.it-pro.fr\\\/#website\"},\"primaryImageOfPage\":{\"@id\":\"https:\\\/\\\/www.it-pro.fr\\\/index.php\\\/produit\\\/redmi-a5\\\/#primaryimage\"},\"image\":{\"@id\":\"https:\\\/\\\/www.it-pro.fr\\\/index.php\\\/produit\\\/redmi-a5\\\/#primaryimage\"},\"thumbnailUrl\":\"https:\\\/\\\/www.it-pro.fr\\\/wp-content\\\/uploads\\\/2026\\\/02\\\/Blue-Gradient-Modern-Professional-Gadget-Laptop-Store-Instagram-Post-3.png\",\"datePublished\":\"2026-02-24T16:49:44+00:00\",\"dateModified\":\"2026-02-24T16:50:32+00:00\",\"breadcrumb\":{\"@id\":\"https:\\\/\\\/www.it-pro.fr\\\/index.php\\\/produit\\\/redmi-a5\\\/#breadcrumb\"},\"inLanguage\":\"fr-FR\",\"potentialAction\":[{\"@type\":\"ReadAction\",\"target\":[\"https:\\\/\\\/www.it-pro.fr\\\/index.php\\\/produit\\\/redmi-a5\\\/\"]}]},{\"@type\":\"ImageObject\",\"inLanguage\":\"fr-FR\",\"@id\":\"https:\\\/\\\/www.it-pro.fr\\\/index.php\\\/produit\\\/redmi-a5\\\/#primaryimage\",\"url\":\"https:\\\/\\\/www.it-pro.fr\\\/wp-content\\\/uploads\\\/2026\\\/02\\\/Blue-Gradient-Modern-Professional-Gadget-Laptop-Store-Instagram-Post-3.png\",\"contentUrl\":\"https:\\\/\\\/www.it-pro.fr\\\/wp-content\\\/uploads\\\/2026\\\/02\\\/Blue-Gradient-Modern-Professional-Gadget-Laptop-Store-Instagram-Post-3.png\",\"width\":1080,\"height\":1080,\"caption\":\"redmi A5\"},{\"@type\":\"BreadcrumbList\",\"@id\":\"https:\\\/\\\/www.it-pro.fr\\\/index.php\\\/produit\\\/redmi-a5\\\/#breadcrumb\",\"itemListElement\":[{\"@type\":\"ListItem\",\"position\":1,\"name\":\"Accueil\",\"item\":\"https:\\\/\\\/www.it-pro.fr\\\/\"},{\"@type\":\"ListItem\",\"position\":2,\"name\":\"Boutique\",\"item\":\"https:\\\/\\\/www.it-pro.fr\\\/index.php\\\/boutique\\\/\"},{\"@type\":\"ListItem\",\"position\":3,\"name\":\"Redmi A5\"}]},{\"@type\":\"WebSite\",\"@id\":\"https:\\\/\\\/www.it-pro.fr\\\/#website\",\"url\":\"https:\\\/\\\/www.it-pro.fr\\\/\",\"name\":\"IT-PRO\",\"description\":\"Informatique &amp; T\u00e9l\u00e9phones\",\"publisher\":{\"@id\":\"https:\\\/\\\/www.it-pro.fr\\\/#organization\"},\"potentialAction\":[{\"@type\":\"SearchAction\",\"target\":{\"@type\":\"EntryPoint\",\"urlTemplate\":\"https:\\\/\\\/www.it-pro.fr\\\/?s={search_term_string}\"},\"query-input\":{\"@type\":\"PropertyValueSpecification\",\"valueRequired\":true,\"valueName\":\"search_term_string\"}}],\"inLanguage\":\"fr-FR\"},{\"@type\":\"Organization\",\"@id\":\"https:\\\/\\\/www.it-pro.fr\\\/#organization\",\"name\":\"IT-PRO\",\"url\":\"https:\\\/\\\/www.it-pro.fr\\\/\",\"logo\":{\"@type\":\"ImageObject\",\"inLanguage\":\"fr-FR\",\"@id\":\"https:\\\/\\\/www.it-pro.fr\\\/#\\\/schema\\\/logo\\\/image\\\/\",\"url\":\"https:\\\/\\\/www.it-pro.fr\\\/wp-content\\\/uploads\\\/2025\\\/01\\\/cropped-cropped-cropped-Photoroom-20241227_184125.png\",\"contentUrl\":\"https:\\\/\\\/www.it-pro.fr\\\/wp-content\\\/uploads\\\/2025\\\/01\\\/cropped-cropped-cropped-Photoroom-20241227_184125.png\",\"width\":511,\"height\":512,\"caption\":\"IT-PRO\"},\"image\":{\"@id\":\"https:\\\/\\\/www.it-pro.fr\\\/#\\\/schema\\\/logo\\\/image\\\/\"},\"sameAs\":[\"https:\\\/\\\/www.facebook.com\\\/profile.php?id=61573944776199\",\"https:\\\/\\\/www.instagram.com\\\/it_pro42\\\/\"]}]}<\/script>\n<!-- \/ Yoast SEO plugin. -->","yoast_head_json":{"title":"Redmi A5 - IT-PRO","robots":{"index":"index","follow":"follow","max-snippet":"max-snippet:-1","max-image-preview":"max-image-preview:large","max-video-preview":"max-video-preview:-1"},"canonical":"https:\/\/www.it-pro.fr\/index.php\/produit\/redmi-a5\/","og_locale":"fr_FR","og_type":"article","og_title":"Redmi A5 - IT-PRO","og_description":"Le Xiaomi Redmi A5 est un smartphone con\u00e7u pour vous offrir une exp\u00e9rience fluide et efficace dans un appareil compact et \u00e9l\u00e9gant. Avec l&rsquo;\u00e9cran HD+ de 6,88 pouces, profitez d&rsquo;un affichage large et net, parfait pour naviguer sur les r\u00e9seaux sociaux, regarder des vid\u00e9os ou jouer. 4 Go de RAM extensibles assurent une performance rapide...","og_url":"https:\/\/www.it-pro.fr\/index.php\/produit\/redmi-a5\/","og_site_name":"IT-PRO","article_publisher":"https:\/\/www.facebook.com\/profile.php?id=61573944776199","article_modified_time":"2026-02-24T16:50:32+00:00","og_image":[{"width":1080,"height":1080,"url":"https:\/\/www.it-pro.fr\/wp-content\/uploads\/2026\/02\/Blue-Gradient-Modern-Professional-Gadget-Laptop-Store-Instagram-Post-3.png","type":"image\/png"}],"twitter_card":"summary_large_image","twitter_misc":{"Dur\u00e9e de lecture estim\u00e9e":"2 minutes"},"schema":{"@context":"https:\/\/schema.org","@graph":[{"@type":"WebPage","@id":"https:\/\/www.it-pro.fr\/index.php\/produit\/redmi-a5\/","url":"https:\/\/www.it-pro.fr\/index.php\/produit\/redmi-a5\/","name":"Redmi A5 - IT-PRO","isPartOf":{"@id":"https:\/\/www.it-pro.fr\/#website"},"primaryImageOfPage":{"@id":"https:\/\/www.it-pro.fr\/index.php\/produit\/redmi-a5\/#primaryimage"},"image":{"@id":"https:\/\/www.it-pro.fr\/index.php\/produit\/redmi-a5\/#primaryimage"},"thumbnailUrl":"https:\/\/www.it-pro.fr\/wp-content\/uploads\/2026\/02\/Blue-Gradient-Modern-Professional-Gadget-Laptop-Store-Instagram-Post-3.png","datePublished":"2026-02-24T16:49:44+00:00","dateModified":"2026-02-24T16:50:32+00:00","breadcrumb":{"@id":"https:\/\/www.it-pro.fr\/index.php\/produit\/redmi-a5\/#breadcrumb"},"inLanguage":"fr-FR","potentialAction":[{"@type":"ReadAction","target":["https:\/\/www.it-pro.fr\/index.php\/produit\/redmi-a5\/"]}]},{"@type":"ImageObject","inLanguage":"fr-FR","@id":"https:\/\/www.it-pro.fr\/index.php\/produit\/redmi-a5\/#primaryimage","url":"https:\/\/www.it-pro.fr\/wp-content\/uploads\/2026\/02\/Blue-Gradient-Modern-Professional-Gadget-Laptop-Store-Instagram-Post-3.png","contentUrl":"https:\/\/www.it-pro.fr\/wp-content\/uploads\/2026\/02\/Blue-Gradient-Modern-Professional-Gadget-Laptop-Store-Instagram-Post-3.png","width":1080,"height":1080,"caption":"redmi A5"},{"@type":"BreadcrumbList","@id":"https:\/\/www.it-pro.fr\/index.php\/produit\/redmi-a5\/#breadcrumb","itemListElement":[{"@type":"ListItem","position":1,"name":"Accueil","item":"https:\/\/www.it-pro.fr\/"},{"@type":"ListItem","position":2,"name":"Boutique","item":"https:\/\/www.it-pro.fr\/index.php\/boutique\/"},{"@type":"ListItem","position":3,"name":"Redmi A5"}]},{"@type":"WebSite","@id":"https:\/\/www.it-pro.fr\/#website","url":"https:\/\/www.it-pro.fr\/","name":"IT-PRO","description":"Informatique &amp; T\u00e9l\u00e9phones","publisher":{"@id":"https:\/\/www.it-pro.fr\/#organization"},"potentialAction":[{"@type":"SearchAction","target":{"@type":"EntryPoint","urlTemplate":"https:\/\/www.it-pro.fr\/?s={search_term_string}"},"query-input":{"@type":"PropertyValueSpecification","valueRequired":true,"valueName":"search_term_string"}}],"inLanguage":"fr-FR"},{"@type":"Organization","@id":"https:\/\/www.it-pro.fr\/#organization","name":"IT-PRO","url":"https:\/\/www.it-pro.fr\/","logo":{"@type":"ImageObject","inLanguage":"fr-FR","@id":"https:\/\/www.it-pro.fr\/#\/schema\/logo\/image\/","url":"https:\/\/www.it-pro.fr\/wp-content\/uploads\/2025\/01\/cropped-cropped-cropped-Photoroom-20241227_184125.png","contentUrl":"https:\/\/www.it-pro.fr\/wp-content\/uploads\/2025\/01\/cropped-cropped-cropped-Photoroom-20241227_184125.png","width":511,"height":512,"caption":"IT-PRO"},"image":{"@id":"https:\/\/www.it-pro.fr\/#\/schema\/logo\/image\/"},"sameAs":["https:\/\/www.facebook.com\/profile.php?id=61573944776199","https:\/\/www.instagram.com\/it_pro42\/"]}]}},"jetpack_sharing_enabled":true,"_links":{"self":[{"href":"https:\/\/www.it-pro.fr\/index.php\/wp-json\/wp\/v2\/product\/2369","targetHints":{"allow":["GET"]}}],"collection":[{"href":"https:\/\/www.it-pro.fr\/index.php\/wp-json\/wp\/v2\/product"}],"about":[{"href":"https:\/\/www.it-pro.fr\/index.php\/wp-json\/wp\/v2\/types\/product"}],"replies":[{"embeddable":true,"href":"https:\/\/www.it-pro.fr\/index.php\/wp-json\/wp\/v2\/comments?post=2369"}],"wp:featuredmedia":[{"embeddable":true,"href":"https:\/\/www.it-pro.fr\/index.php\/wp-json\/wp\/v2\/media\/2370"}],"wp:attachment":[{"href":"https:\/\/www.it-pro.fr\/index.php\/wp-json\/wp\/v2\/media?parent=2369"}],"wp:term":[{"taxonomy":"product_brand","embeddable":true,"href":"https:\/\/www.it-pro.fr\/index.php\/wp-json\/wp\/v2\/product_brand?post=2369"},{"taxonomy":"product_cat","embeddable":true,"href":"https:\/\/www.it-pro.fr\/index.php\/wp-json\/wp\/v2\/product_cat?post=2369"},{"taxonomy":"product_tag","embeddable":true,"href":"https:\/\/www.it-pro.fr\/index.php\/wp-json\/wp\/v2\/product_tag?post=2369"}],"curies":[{"name":"wp","href":"https:\/\/api.w.org\/{rel}","templated":true}]}}