{"id":2352,"date":"2026-02-24T11:10:36","date_gmt":"2026-02-24T10:10:36","guid":{"rendered":"https:\/\/www.it-pro.fr\/?post_type=product&#038;p=2352"},"modified":"2026-02-24T11:11:31","modified_gmt":"2026-02-24T10:11:31","slug":"xiaomi-redmi-15c","status":"publish","type":"product","link":"https:\/\/www.it-pro.fr\/index.php\/produit\/xiaomi-redmi-15c\/","title":{"rendered":"Xiaomi Redmi 15C"},"content":{"rendered":"<p>Batterie de 6\u00a0000 mAh (typ.)\u00a0: Plus de puissance, toujours aussi \u00e9l\u00e9gant\u00a0: Le Redmi 15C est dot\u00e9 d\u2019une batterie de 6\u00a0000 mAh dans un design \u00e9l\u00e9gant. Profitez d\u2019une autonomie exceptionnelle sans compromis sur le style ni le confort\u00a0: con\u00e7u pour vous accompagner toute la journ\u00e9e et bien plus encore.<\/p>\n<p>Batterie longue dur\u00e9e\u00a0: Performances d\u2019alimentation exceptionnelles\u00a0: Apr\u00e8s 1\u00a0000 cycles de charge complets, la batterie conserve au moins 80\u00a0% de sa capacit\u00e9 initiale. (Ne comprend pas la batterie charg\u00e9e, pour une utilisation intensive sans interruption.) \u00c9cran immersif de 6,9 \u200b\u200bpouces avec AdaptiveSync jusqu&rsquo;\u00e0 120 Hz\u00a0: Gr\u00e2ce \u00e0 sa fr\u00e9quence de rafra\u00eechissement adaptative jusqu&rsquo;\u00e0 120 Hz, le Redmi 15C s&rsquo;ajuste \u00e0 toutes les situations pour une exp\u00e9rience visuelle plus fluide et r\u00e9active, que vous naviguiez sur Internet ou regardiez des vid\u00e9os.<\/p>\n<p>Processeur octoc\u0153ur puissant pour une fluidit\u00e9 constante\u00a0: Le processeur octoc\u0153ur MediaTek Helio G81-Ultra allie faible consommation d&rsquo;\u00e9nergie et hautes performances, pour une exp\u00e9rience optimale m\u00eame lors d&rsquo;une utilisation prolong\u00e9e.<\/p>\n<p>Double cam\u00e9ra IA 50 Mpx\u00a0: La cam\u00e9ra principale de 50 Mpx capture les moindres d\u00e9tails et les couleurs \u00e9clatantes, immortalisant vos plus beaux moments\u00a0: rues anim\u00e9es, portraits, repas ou magnifiques couchers de soleil.<\/p>\n","protected":false},"excerpt":{"rendered":"<p>Batterie de 6\u00a0000 mAh (typ.)\u00a0: Plus de puissance, toujours aussi \u00e9l\u00e9gant\u00a0: Le Redmi 15C est dot\u00e9 d\u2019une batterie de 6\u00a0000 mAh dans un design \u00e9l\u00e9gant. Profitez d\u2019une autonomie exceptionnelle sans compromis sur le style ni le confort\u00a0: con\u00e7u pour vous accompagner toute la journ\u00e9e et bien plus encore. Batterie longue dur\u00e9e\u00a0: Performances d\u2019alimentation exceptionnelles\u00a0: Apr\u00e8s&#8230;<\/p>\n","protected":false},"featured_media":2354,"comment_status":"open","ping_status":"closed","template":"","meta":{"_kad_post_transparent":"default","_kad_post_title":"","_kad_post_layout":"default","_kad_post_sidebar_id":"","_kad_post_content_style":"default","_kad_post_vertical_padding":"default","_kad_post_feature":"","_kad_post_feature_position":"","_kad_post_header":false,"_kad_post_footer":false,"_kad_post_classname":""},"product_brand":[],"product_cat":[83],"product_tag":[],"class_list":{"0":"post-2352","1":"product","2":"type-product","3":"status-publish","4":"has-post-thumbnail","6":"product_cat-telephone-portable","8":"first","9":"instock","10":"sale","11":"taxable","12":"shipping-taxable","13":"purchasable","14":"product-type-simple","15":"entry","16":"content-bg","17":"loop-entry"},"yoast_head":"<!-- This site is optimized with the Yoast SEO plugin v27.5 - https:\/\/yoast.com\/product\/yoast-seo-wordpress\/ -->\n<title>Xiaomi Redmi 15C - IT-PRO<\/title>\n<meta name=\"robots\" content=\"index, follow, max-snippet:-1, max-image-preview:large, max-video-preview:-1\" \/>\n<link rel=\"canonical\" href=\"https:\/\/www.it-pro.fr\/index.php\/produit\/xiaomi-redmi-15c\/\" \/>\n<meta property=\"og:locale\" content=\"fr_FR\" \/>\n<meta property=\"og:type\" content=\"article\" \/>\n<meta property=\"og:title\" content=\"Xiaomi Redmi 15C - IT-PRO\" \/>\n<meta property=\"og:description\" content=\"Batterie de 6\u00a0000 mAh (typ.)\u00a0: Plus de puissance, toujours aussi \u00e9l\u00e9gant\u00a0: Le Redmi 15C est dot\u00e9 d\u2019une batterie de 6\u00a0000 mAh dans un design \u00e9l\u00e9gant. Profitez d\u2019une autonomie exceptionnelle sans compromis sur le style ni le confort\u00a0: con\u00e7u pour vous accompagner toute la journ\u00e9e et bien plus encore. Batterie longue dur\u00e9e\u00a0: Performances d\u2019alimentation exceptionnelles\u00a0: Apr\u00e8s...\" \/>\n<meta property=\"og:url\" content=\"https:\/\/www.it-pro.fr\/index.php\/produit\/xiaomi-redmi-15c\/\" \/>\n<meta property=\"og:site_name\" content=\"IT-PRO\" \/>\n<meta property=\"article:publisher\" content=\"https:\/\/www.facebook.com\/profile.php?id=61573944776199\" \/>\n<meta property=\"article:modified_time\" content=\"2026-02-24T10:11:31+00:00\" \/>\n<meta property=\"og:image\" content=\"https:\/\/www.it-pro.fr\/wp-content\/uploads\/2026\/02\/redmi-15C-noir.jpg\" \/>\n\t<meta property=\"og:image:width\" content=\"890\" \/>\n\t<meta property=\"og:image:height\" content=\"1000\" \/>\n\t<meta property=\"og:image:type\" content=\"image\/jpeg\" \/>\n<meta name=\"twitter:card\" content=\"summary_large_image\" \/>\n<meta name=\"twitter:label1\" content=\"Dur\u00e9e de lecture estim\u00e9e\" \/>\n\t<meta name=\"twitter:data1\" content=\"2 minutes\" \/>\n<script type=\"application\/ld+json\" class=\"yoast-schema-graph\">{\"@context\":\"https:\\\/\\\/schema.org\",\"@graph\":[{\"@type\":\"WebPage\",\"@id\":\"https:\\\/\\\/www.it-pro.fr\\\/index.php\\\/produit\\\/xiaomi-redmi-15c\\\/\",\"url\":\"https:\\\/\\\/www.it-pro.fr\\\/index.php\\\/produit\\\/xiaomi-redmi-15c\\\/\",\"name\":\"Xiaomi Redmi 15C - IT-PRO\",\"isPartOf\":{\"@id\":\"https:\\\/\\\/www.it-pro.fr\\\/#website\"},\"primaryImageOfPage\":{\"@id\":\"https:\\\/\\\/www.it-pro.fr\\\/index.php\\\/produit\\\/xiaomi-redmi-15c\\\/#primaryimage\"},\"image\":{\"@id\":\"https:\\\/\\\/www.it-pro.fr\\\/index.php\\\/produit\\\/xiaomi-redmi-15c\\\/#primaryimage\"},\"thumbnailUrl\":\"https:\\\/\\\/www.it-pro.fr\\\/wp-content\\\/uploads\\\/2026\\\/02\\\/redmi-15C-noir.jpg\",\"datePublished\":\"2026-02-24T10:10:36+00:00\",\"dateModified\":\"2026-02-24T10:11:31+00:00\",\"breadcrumb\":{\"@id\":\"https:\\\/\\\/www.it-pro.fr\\\/index.php\\\/produit\\\/xiaomi-redmi-15c\\\/#breadcrumb\"},\"inLanguage\":\"fr-FR\",\"potentialAction\":[{\"@type\":\"ReadAction\",\"target\":[\"https:\\\/\\\/www.it-pro.fr\\\/index.php\\\/produit\\\/xiaomi-redmi-15c\\\/\"]}]},{\"@type\":\"ImageObject\",\"inLanguage\":\"fr-FR\",\"@id\":\"https:\\\/\\\/www.it-pro.fr\\\/index.php\\\/produit\\\/xiaomi-redmi-15c\\\/#primaryimage\",\"url\":\"https:\\\/\\\/www.it-pro.fr\\\/wp-content\\\/uploads\\\/2026\\\/02\\\/redmi-15C-noir.jpg\",\"contentUrl\":\"https:\\\/\\\/www.it-pro.fr\\\/wp-content\\\/uploads\\\/2026\\\/02\\\/redmi-15C-noir.jpg\",\"width\":890,\"height\":1000,\"caption\":\"Redmi 15C noir\"},{\"@type\":\"BreadcrumbList\",\"@id\":\"https:\\\/\\\/www.it-pro.fr\\\/index.php\\\/produit\\\/xiaomi-redmi-15c\\\/#breadcrumb\",\"itemListElement\":[{\"@type\":\"ListItem\",\"position\":1,\"name\":\"Accueil\",\"item\":\"https:\\\/\\\/www.it-pro.fr\\\/\"},{\"@type\":\"ListItem\",\"position\":2,\"name\":\"Boutique\",\"item\":\"https:\\\/\\\/www.it-pro.fr\\\/index.php\\\/boutique\\\/\"},{\"@type\":\"ListItem\",\"position\":3,\"name\":\"Xiaomi Redmi 15C\"}]},{\"@type\":\"WebSite\",\"@id\":\"https:\\\/\\\/www.it-pro.fr\\\/#website\",\"url\":\"https:\\\/\\\/www.it-pro.fr\\\/\",\"name\":\"IT-PRO\",\"description\":\"Informatique &amp; T\u00e9l\u00e9phones\",\"publisher\":{\"@id\":\"https:\\\/\\\/www.it-pro.fr\\\/#organization\"},\"potentialAction\":[{\"@type\":\"SearchAction\",\"target\":{\"@type\":\"EntryPoint\",\"urlTemplate\":\"https:\\\/\\\/www.it-pro.fr\\\/?s={search_term_string}\"},\"query-input\":{\"@type\":\"PropertyValueSpecification\",\"valueRequired\":true,\"valueName\":\"search_term_string\"}}],\"inLanguage\":\"fr-FR\"},{\"@type\":\"Organization\",\"@id\":\"https:\\\/\\\/www.it-pro.fr\\\/#organization\",\"name\":\"IT-PRO\",\"url\":\"https:\\\/\\\/www.it-pro.fr\\\/\",\"logo\":{\"@type\":\"ImageObject\",\"inLanguage\":\"fr-FR\",\"@id\":\"https:\\\/\\\/www.it-pro.fr\\\/#\\\/schema\\\/logo\\\/image\\\/\",\"url\":\"https:\\\/\\\/www.it-pro.fr\\\/wp-content\\\/uploads\\\/2025\\\/01\\\/cropped-cropped-cropped-Photoroom-20241227_184125.png\",\"contentUrl\":\"https:\\\/\\\/www.it-pro.fr\\\/wp-content\\\/uploads\\\/2025\\\/01\\\/cropped-cropped-cropped-Photoroom-20241227_184125.png\",\"width\":511,\"height\":512,\"caption\":\"IT-PRO\"},\"image\":{\"@id\":\"https:\\\/\\\/www.it-pro.fr\\\/#\\\/schema\\\/logo\\\/image\\\/\"},\"sameAs\":[\"https:\\\/\\\/www.facebook.com\\\/profile.php?id=61573944776199\",\"https:\\\/\\\/www.instagram.com\\\/it_pro42\\\/\"]}]}<\/script>\n<!-- \/ Yoast SEO plugin. -->","yoast_head_json":{"title":"Xiaomi Redmi 15C - IT-PRO","robots":{"index":"index","follow":"follow","max-snippet":"max-snippet:-1","max-image-preview":"max-image-preview:large","max-video-preview":"max-video-preview:-1"},"canonical":"https:\/\/www.it-pro.fr\/index.php\/produit\/xiaomi-redmi-15c\/","og_locale":"fr_FR","og_type":"article","og_title":"Xiaomi Redmi 15C - IT-PRO","og_description":"Batterie de 6\u00a0000 mAh (typ.)\u00a0: Plus de puissance, toujours aussi \u00e9l\u00e9gant\u00a0: Le Redmi 15C est dot\u00e9 d\u2019une batterie de 6\u00a0000 mAh dans un design \u00e9l\u00e9gant. Profitez d\u2019une autonomie exceptionnelle sans compromis sur le style ni le confort\u00a0: con\u00e7u pour vous accompagner toute la journ\u00e9e et bien plus encore. Batterie longue dur\u00e9e\u00a0: Performances d\u2019alimentation exceptionnelles\u00a0: Apr\u00e8s...","og_url":"https:\/\/www.it-pro.fr\/index.php\/produit\/xiaomi-redmi-15c\/","og_site_name":"IT-PRO","article_publisher":"https:\/\/www.facebook.com\/profile.php?id=61573944776199","article_modified_time":"2026-02-24T10:11:31+00:00","og_image":[{"width":890,"height":1000,"url":"https:\/\/www.it-pro.fr\/wp-content\/uploads\/2026\/02\/redmi-15C-noir.jpg","type":"image\/jpeg"}],"twitter_card":"summary_large_image","twitter_misc":{"Dur\u00e9e de lecture estim\u00e9e":"2 minutes"},"schema":{"@context":"https:\/\/schema.org","@graph":[{"@type":"WebPage","@id":"https:\/\/www.it-pro.fr\/index.php\/produit\/xiaomi-redmi-15c\/","url":"https:\/\/www.it-pro.fr\/index.php\/produit\/xiaomi-redmi-15c\/","name":"Xiaomi Redmi 15C - IT-PRO","isPartOf":{"@id":"https:\/\/www.it-pro.fr\/#website"},"primaryImageOfPage":{"@id":"https:\/\/www.it-pro.fr\/index.php\/produit\/xiaomi-redmi-15c\/#primaryimage"},"image":{"@id":"https:\/\/www.it-pro.fr\/index.php\/produit\/xiaomi-redmi-15c\/#primaryimage"},"thumbnailUrl":"https:\/\/www.it-pro.fr\/wp-content\/uploads\/2026\/02\/redmi-15C-noir.jpg","datePublished":"2026-02-24T10:10:36+00:00","dateModified":"2026-02-24T10:11:31+00:00","breadcrumb":{"@id":"https:\/\/www.it-pro.fr\/index.php\/produit\/xiaomi-redmi-15c\/#breadcrumb"},"inLanguage":"fr-FR","potentialAction":[{"@type":"ReadAction","target":["https:\/\/www.it-pro.fr\/index.php\/produit\/xiaomi-redmi-15c\/"]}]},{"@type":"ImageObject","inLanguage":"fr-FR","@id":"https:\/\/www.it-pro.fr\/index.php\/produit\/xiaomi-redmi-15c\/#primaryimage","url":"https:\/\/www.it-pro.fr\/wp-content\/uploads\/2026\/02\/redmi-15C-noir.jpg","contentUrl":"https:\/\/www.it-pro.fr\/wp-content\/uploads\/2026\/02\/redmi-15C-noir.jpg","width":890,"height":1000,"caption":"Redmi 15C noir"},{"@type":"BreadcrumbList","@id":"https:\/\/www.it-pro.fr\/index.php\/produit\/xiaomi-redmi-15c\/#breadcrumb","itemListElement":[{"@type":"ListItem","position":1,"name":"Accueil","item":"https:\/\/www.it-pro.fr\/"},{"@type":"ListItem","position":2,"name":"Boutique","item":"https:\/\/www.it-pro.fr\/index.php\/boutique\/"},{"@type":"ListItem","position":3,"name":"Xiaomi Redmi 15C"}]},{"@type":"WebSite","@id":"https:\/\/www.it-pro.fr\/#website","url":"https:\/\/www.it-pro.fr\/","name":"IT-PRO","description":"Informatique &amp; T\u00e9l\u00e9phones","publisher":{"@id":"https:\/\/www.it-pro.fr\/#organization"},"potentialAction":[{"@type":"SearchAction","target":{"@type":"EntryPoint","urlTemplate":"https:\/\/www.it-pro.fr\/?s={search_term_string}"},"query-input":{"@type":"PropertyValueSpecification","valueRequired":true,"valueName":"search_term_string"}}],"inLanguage":"fr-FR"},{"@type":"Organization","@id":"https:\/\/www.it-pro.fr\/#organization","name":"IT-PRO","url":"https:\/\/www.it-pro.fr\/","logo":{"@type":"ImageObject","inLanguage":"fr-FR","@id":"https:\/\/www.it-pro.fr\/#\/schema\/logo\/image\/","url":"https:\/\/www.it-pro.fr\/wp-content\/uploads\/2025\/01\/cropped-cropped-cropped-Photoroom-20241227_184125.png","contentUrl":"https:\/\/www.it-pro.fr\/wp-content\/uploads\/2025\/01\/cropped-cropped-cropped-Photoroom-20241227_184125.png","width":511,"height":512,"caption":"IT-PRO"},"image":{"@id":"https:\/\/www.it-pro.fr\/#\/schema\/logo\/image\/"},"sameAs":["https:\/\/www.facebook.com\/profile.php?id=61573944776199","https:\/\/www.instagram.com\/it_pro42\/"]}]}},"jetpack_sharing_enabled":true,"_links":{"self":[{"href":"https:\/\/www.it-pro.fr\/index.php\/wp-json\/wp\/v2\/product\/2352","targetHints":{"allow":["GET"]}}],"collection":[{"href":"https:\/\/www.it-pro.fr\/index.php\/wp-json\/wp\/v2\/product"}],"about":[{"href":"https:\/\/www.it-pro.fr\/index.php\/wp-json\/wp\/v2\/types\/product"}],"replies":[{"embeddable":true,"href":"https:\/\/www.it-pro.fr\/index.php\/wp-json\/wp\/v2\/comments?post=2352"}],"wp:featuredmedia":[{"embeddable":true,"href":"https:\/\/www.it-pro.fr\/index.php\/wp-json\/wp\/v2\/media\/2354"}],"wp:attachment":[{"href":"https:\/\/www.it-pro.fr\/index.php\/wp-json\/wp\/v2\/media?parent=2352"}],"wp:term":[{"taxonomy":"product_brand","embeddable":true,"href":"https:\/\/www.it-pro.fr\/index.php\/wp-json\/wp\/v2\/product_brand?post=2352"},{"taxonomy":"product_cat","embeddable":true,"href":"https:\/\/www.it-pro.fr\/index.php\/wp-json\/wp\/v2\/product_cat?post=2352"},{"taxonomy":"product_tag","embeddable":true,"href":"https:\/\/www.it-pro.fr\/index.php\/wp-json\/wp\/v2\/product_tag?post=2352"}],"curies":[{"name":"wp","href":"https:\/\/api.w.org\/{rel}","templated":true}]}}