{"id":1907,"date":"2025-06-05T17:25:06","date_gmt":"2025-06-05T15:25:06","guid":{"rendered":"https:\/\/www.it-pro.fr\/?post_type=product&#038;p=1907"},"modified":"2025-06-11T09:35:59","modified_gmt":"2025-06-11T07:35:59","slug":"batterie-iphone-8-haute-capacite","status":"publish","type":"product","link":"https:\/\/www.it-pro.fr\/index.php\/produit\/batterie-iphone-8-haute-capacite\/","title":{"rendered":"Batterie iPhone 8 Haute Capacit\u00e9"},"content":{"rendered":"<h2 data-start=\"199\" data-end=\"258\">\ud83d\udd0b Batterie Haute Capacit\u00e9 avec Puce Texas Instruments<\/h2>\n<h3 data-start=\"259\" data-end=\"307\">Pour r\u00e9parations professionnelles exigeantes<\/h3>\n<hr data-start=\"309\" data-end=\"312\" \/>\n<h3 data-start=\"314\" data-end=\"336\">\ud83d\udcdd <strong data-start=\"321\" data-end=\"336\">Description<\/strong><\/h3>\n<p data-start=\"338\" data-end=\"534\">Cette batterie de remplacement <strong data-start=\"369\" data-end=\"387\">haute capacit\u00e9<\/strong> est con\u00e7ue pour offrir une <strong data-start=\"415\" data-end=\"438\">autonomie prolong\u00e9e<\/strong> aux utilisateurs d\u2019iPhone, tout en maintenant une <strong data-start=\"489\" data-end=\"511\">stabilit\u00e9 parfaite<\/strong> avec les versions iOS.<\/p>\n<p data-start=\"536\" data-end=\"668\">\u2699\ufe0f Dot\u00e9e d\u2019une <strong data-start=\"551\" data-end=\"591\">puce Texas Instruments (Ti) int\u00e9gr\u00e9e<\/strong>, elle assure une <strong data-start=\"609\" data-end=\"635\">communication optimale<\/strong> avec la carte m\u00e8re et garantit :<\/p>\n<ul data-start=\"670\" data-end=\"848\">\n<li data-start=\"670\" data-end=\"725\">\n<p data-start=\"672\" data-end=\"725\">\ud83d\udd04 Une <strong data-start=\"679\" data-end=\"704\">reconnaissance native<\/strong> par le syst\u00e8me iOS<\/p>\n<\/li>\n<li data-start=\"726\" data-end=\"779\">\n<p data-start=\"728\" data-end=\"779\">\ud83d\udcca Une <strong data-start=\"735\" data-end=\"755\">pr\u00e9cision accrue<\/strong> des donn\u00e9es de charge<\/p>\n<\/li>\n<li data-start=\"780\" data-end=\"848\">\n<p data-start=\"782\" data-end=\"848\">\ud83e\udde9 Une <strong data-start=\"789\" data-end=\"814\">compatibilit\u00e9 assur\u00e9e<\/strong> avec les futures mises \u00e0 jour iOS<\/p>\n<\/li>\n<\/ul>\n<p data-start=\"850\" data-end=\"1014\">\ud83d\udd25 Sa conception permet une <strong data-start=\"878\" data-end=\"909\">gestion thermique am\u00e9lior\u00e9e<\/strong>, r\u00e9duisant les risques de <strong data-start=\"936\" data-end=\"950\">surchauffe<\/strong>, <strong data-start=\"952\" data-end=\"965\">surcharge<\/strong> et autres anomalies, pour une s\u00e9curit\u00e9 maximale.<\/p>\n<hr data-start=\"1016\" data-end=\"1019\" \/>\n<h3 data-start=\"1021\" data-end=\"1059\">\u2699\ufe0f <strong data-start=\"1028\" data-end=\"1059\">Caract\u00e9ristiques Techniques<\/strong><\/h3>\n<ul data-start=\"1061\" data-end=\"1500\">\n<li data-start=\"1061\" data-end=\"1130\">\n<p data-start=\"1063\" data-end=\"1130\">\ud83d\udd0b <strong data-start=\"1066\" data-end=\"1081\">Technologie<\/strong> : Batterie lithium-ion polym\u00e8re haute capacit\u00e9<\/p>\n<\/li>\n<li data-start=\"1131\" data-end=\"1198\">\n<p data-start=\"1133\" data-end=\"1198\">\ud83e\udde0 <strong data-start=\"1136\" data-end=\"1144\">Puce<\/strong> : Texas Instruments pour compatibilit\u00e9 compl\u00e8te iOS<\/p>\n<\/li>\n<li data-start=\"1199\" data-end=\"1278\">\n<p data-start=\"1201\" data-end=\"1278\">\ud83d\udee1\ufe0f <strong data-start=\"1205\" data-end=\"1217\">S\u00e9curit\u00e9<\/strong> : Protection contre surtensions, surcharges et surchauffes<\/p>\n<\/li>\n<li data-start=\"1279\" data-end=\"1355\">\n<p data-start=\"1281\" data-end=\"1355\">\ud83e\uddf7 <strong data-start=\"1284\" data-end=\"1296\">Fixation<\/strong> : Adh\u00e9sif pr\u00e9-install\u00e9 pour une pose rapide et s\u00e9curis\u00e9e<\/p>\n<\/li>\n<li data-start=\"1356\" data-end=\"1430\">\n<p data-start=\"1358\" data-end=\"1430\">\ud83d\udd0d <strong data-start=\"1361\" data-end=\"1372\">Qualit\u00e9<\/strong> : Contr\u00f4les rigoureux r\u00e9alis\u00e9s avant mise sur le march\u00e9<\/p>\n<\/li>\n<li data-start=\"1431\" data-end=\"1500\">\n<p data-start=\"1433\" data-end=\"1500\">\ud83c\uddea\ud83c\uddfa <strong data-start=\"1438\" data-end=\"1448\">Normes<\/strong> : Conforme aux exigences CE et directive 2013\/56\/UE<\/p>\n<\/li>\n<\/ul>\n<hr data-start=\"1502\" data-end=\"1505\" \/>\n<h3 data-start=\"1507\" data-end=\"1532\">\ud83c\udf1f <strong data-start=\"1514\" data-end=\"1532\">Avantages Cl\u00e9s<\/strong><\/h3>\n<ul data-start=\"1534\" data-end=\"1847\">\n<li data-start=\"1534\" data-end=\"1591\">\n<p data-start=\"1536\" data-end=\"1591\">\ud83d\udd0b <strong data-start=\"1539\" data-end=\"1556\">+ d\u2019autonomie<\/strong> : Moins de recharges n\u00e9cessaires<\/p>\n<\/li>\n<li data-start=\"1592\" data-end=\"1659\">\n<p data-start=\"1594\" data-end=\"1659\">\ud83d\udd01 <strong data-start=\"1597\" data-end=\"1624\">Optimisation des cycles<\/strong> : Meilleure gestion de l\u2019\u00e9nergie<\/p>\n<\/li>\n<li data-start=\"1660\" data-end=\"1719\">\n<p data-start=\"1662\" data-end=\"1719\">\ud83d\udee0\ufe0f <strong data-start=\"1666\" data-end=\"1689\">R\u00e9parations fiables<\/strong> : R\u00e9duction des retours SAV<\/p>\n<\/li>\n<li data-start=\"1720\" data-end=\"1783\">\n<p data-start=\"1722\" data-end=\"1783\">\u2699\ufe0f <strong data-start=\"1725\" data-end=\"1748\">Installation rapide<\/strong> : Gr\u00e2ce \u00e0 l\u2019adh\u00e9sif d\u00e9j\u00e0 int\u00e9gr\u00e9<\/p>\n<\/li>\n<li data-start=\"1784\" data-end=\"1847\">\n<p data-start=\"1786\" data-end=\"1847\">\ud83d\udca1 <strong data-start=\"1789\" data-end=\"1811\">100 % iOS-friendly<\/strong> : Parfaite compatibilit\u00e9 logicielle<\/p>\n<\/li>\n<\/ul>\n<hr data-start=\"1849\" data-end=\"1852\" \/>\n<h3 data-start=\"1854\" data-end=\"1893\">\ud83d\udc68\u200d\ud83d\udd27 <strong data-start=\"1864\" data-end=\"1893\">Applications Recommand\u00e9es<\/strong><\/h3>\n<p data-start=\"1895\" data-end=\"1927\">Cette batterie est id\u00e9ale pour :<\/p>\n<ul data-start=\"1929\" data-end=\"2152\">\n<li data-start=\"1929\" data-end=\"1975\">\n<p data-start=\"1931\" data-end=\"1975\">\ud83e\uddf0 <strong data-start=\"1934\" data-end=\"1973\">R\u00e9parations professionnelles iPhone<\/strong><\/p>\n<\/li>\n<li data-start=\"1976\" data-end=\"2025\">\n<p data-start=\"1978\" data-end=\"2025\">\ud83d\udcbc <strong data-start=\"1981\" data-end=\"2007\">Utilisateurs intensifs<\/strong> ou en usage pro<\/p>\n<\/li>\n<li data-start=\"2026\" data-end=\"2065\">\n<p data-start=\"2028\" data-end=\"2065\">\ud83c\udfe2 <strong data-start=\"2031\" data-end=\"2063\">Centres de r\u00e9paration agr\u00e9\u00e9s<\/strong><\/p>\n<\/li>\n<li data-start=\"2066\" data-end=\"2101\">\n<p data-start=\"2068\" data-end=\"2101\">\ud83d\udd04 <strong data-start=\"2071\" data-end=\"2099\">Reconditionneurs premium<\/strong><\/p>\n<\/li>\n<li data-start=\"2102\" data-end=\"2152\">\n<p data-start=\"2104\" data-end=\"2152\">\ud83d\udd27 <strong data-start=\"2107\" data-end=\"2152\">Ateliers exigeant performance &amp; stabilit\u00e9<\/strong><\/p>\n<\/li>\n<\/ul>\n","protected":false},"excerpt":{"rendered":"<p>\ud83d\udd0b Batterie Haute Capacit\u00e9 avec Puce Texas Instruments Pour r\u00e9parations professionnelles exigeantes \ud83d\udcdd Description Cette batterie de remplacement haute capacit\u00e9 est con\u00e7ue pour offrir une autonomie prolong\u00e9e aux utilisateurs d\u2019iPhone, tout en maintenant une stabilit\u00e9 parfaite avec les versions iOS. \u2699\ufe0f Dot\u00e9e d\u2019une puce Texas Instruments (Ti) int\u00e9gr\u00e9e, elle assure une communication optimale avec la&#8230;<\/p>\n","protected":false},"featured_media":1908,"comment_status":"open","ping_status":"closed","template":"","meta":{"_kad_post_transparent":"default","_kad_post_title":"","_kad_post_layout":"default","_kad_post_sidebar_id":"","_kad_post_content_style":"default","_kad_post_vertical_padding":"default","_kad_post_feature":"","_kad_post_feature_position":"","_kad_post_header":false,"_kad_post_footer":false,"_kad_post_classname":""},"product_brand":[],"product_cat":[133],"product_tag":[],"class_list":{"0":"post-1907","1":"product","2":"type-product","3":"status-publish","4":"has-post-thumbnail","6":"product_cat-kit-iphone-8","8":"first","9":"instock","10":"sale","11":"taxable","12":"shipping-taxable","13":"purchasable","14":"product-type-simple","15":"entry","16":"content-bg","17":"loop-entry"},"yoast_head":"<!-- This site is optimized with the Yoast SEO plugin v27.5 - https:\/\/yoast.com\/product\/yoast-seo-wordpress\/ -->\n<title>Batterie iPhone 8 Haute Capacit\u00e9 - IT-PRO<\/title>\n<meta name=\"robots\" content=\"index, follow, max-snippet:-1, max-image-preview:large, max-video-preview:-1\" \/>\n<link rel=\"canonical\" href=\"https:\/\/www.it-pro.fr\/index.php\/produit\/batterie-iphone-8-haute-capacite\/\" \/>\n<meta property=\"og:locale\" content=\"fr_FR\" \/>\n<meta property=\"og:type\" content=\"article\" \/>\n<meta property=\"og:title\" content=\"Batterie iPhone 8 Haute Capacit\u00e9 - IT-PRO\" \/>\n<meta property=\"og:description\" content=\"\ud83d\udd0b Batterie Haute Capacit\u00e9 avec Puce Texas Instruments Pour r\u00e9parations professionnelles exigeantes \ud83d\udcdd Description Cette batterie de remplacement haute capacit\u00e9 est con\u00e7ue pour offrir une autonomie prolong\u00e9e aux utilisateurs d\u2019iPhone, tout en maintenant une stabilit\u00e9 parfaite avec les versions iOS. \u2699\ufe0f Dot\u00e9e d\u2019une puce Texas Instruments (Ti) int\u00e9gr\u00e9e, elle assure une communication optimale avec la...\" \/>\n<meta property=\"og:url\" content=\"https:\/\/www.it-pro.fr\/index.php\/produit\/batterie-iphone-8-haute-capacite\/\" \/>\n<meta property=\"og:site_name\" content=\"IT-PRO\" \/>\n<meta property=\"article:publisher\" content=\"https:\/\/www.facebook.com\/profile.php?id=61573944776199\" \/>\n<meta property=\"article:modified_time\" content=\"2025-06-11T07:35:59+00:00\" \/>\n<meta property=\"og:image\" content=\"https:\/\/www.it-pro.fr\/wp-content\/uploads\/2025\/06\/Batterie-iPhone-8-Haute-Capacite.png\" \/>\n\t<meta property=\"og:image:width\" content=\"1080\" \/>\n\t<meta property=\"og:image:height\" content=\"1080\" \/>\n\t<meta property=\"og:image:type\" content=\"image\/png\" \/>\n<meta name=\"twitter:card\" content=\"summary_large_image\" \/>\n<meta name=\"twitter:label1\" content=\"Dur\u00e9e de lecture estim\u00e9e\" \/>\n\t<meta name=\"twitter:data1\" content=\"2 minutes\" \/>\n<script type=\"application\/ld+json\" class=\"yoast-schema-graph\">{\"@context\":\"https:\\\/\\\/schema.org\",\"@graph\":[{\"@type\":\"WebPage\",\"@id\":\"https:\\\/\\\/www.it-pro.fr\\\/index.php\\\/produit\\\/batterie-iphone-8-haute-capacite\\\/\",\"url\":\"https:\\\/\\\/www.it-pro.fr\\\/index.php\\\/produit\\\/batterie-iphone-8-haute-capacite\\\/\",\"name\":\"Batterie iPhone 8 Haute Capacit\u00e9 - IT-PRO\",\"isPartOf\":{\"@id\":\"https:\\\/\\\/www.it-pro.fr\\\/#website\"},\"primaryImageOfPage\":{\"@id\":\"https:\\\/\\\/www.it-pro.fr\\\/index.php\\\/produit\\\/batterie-iphone-8-haute-capacite\\\/#primaryimage\"},\"image\":{\"@id\":\"https:\\\/\\\/www.it-pro.fr\\\/index.php\\\/produit\\\/batterie-iphone-8-haute-capacite\\\/#primaryimage\"},\"thumbnailUrl\":\"https:\\\/\\\/www.it-pro.fr\\\/wp-content\\\/uploads\\\/2025\\\/06\\\/Batterie-iPhone-8-Haute-Capacite.png\",\"datePublished\":\"2025-06-05T15:25:06+00:00\",\"dateModified\":\"2025-06-11T07:35:59+00:00\",\"breadcrumb\":{\"@id\":\"https:\\\/\\\/www.it-pro.fr\\\/index.php\\\/produit\\\/batterie-iphone-8-haute-capacite\\\/#breadcrumb\"},\"inLanguage\":\"fr-FR\",\"potentialAction\":[{\"@type\":\"ReadAction\",\"target\":[\"https:\\\/\\\/www.it-pro.fr\\\/index.php\\\/produit\\\/batterie-iphone-8-haute-capacite\\\/\"]}]},{\"@type\":\"ImageObject\",\"inLanguage\":\"fr-FR\",\"@id\":\"https:\\\/\\\/www.it-pro.fr\\\/index.php\\\/produit\\\/batterie-iphone-8-haute-capacite\\\/#primaryimage\",\"url\":\"https:\\\/\\\/www.it-pro.fr\\\/wp-content\\\/uploads\\\/2025\\\/06\\\/Batterie-iPhone-8-Haute-Capacite.png\",\"contentUrl\":\"https:\\\/\\\/www.it-pro.fr\\\/wp-content\\\/uploads\\\/2025\\\/06\\\/Batterie-iPhone-8-Haute-Capacite.png\",\"width\":1080,\"height\":1080,\"caption\":\"Batterie iPhone 8 Haute Capacit\u00e9\"},{\"@type\":\"BreadcrumbList\",\"@id\":\"https:\\\/\\\/www.it-pro.fr\\\/index.php\\\/produit\\\/batterie-iphone-8-haute-capacite\\\/#breadcrumb\",\"itemListElement\":[{\"@type\":\"ListItem\",\"position\":1,\"name\":\"Accueil\",\"item\":\"https:\\\/\\\/www.it-pro.fr\\\/\"},{\"@type\":\"ListItem\",\"position\":2,\"name\":\"Boutique\",\"item\":\"https:\\\/\\\/www.it-pro.fr\\\/index.php\\\/boutique\\\/\"},{\"@type\":\"ListItem\",\"position\":3,\"name\":\"Batterie iPhone 8 Haute Capacit\u00e9\"}]},{\"@type\":\"WebSite\",\"@id\":\"https:\\\/\\\/www.it-pro.fr\\\/#website\",\"url\":\"https:\\\/\\\/www.it-pro.fr\\\/\",\"name\":\"IT-PRO\",\"description\":\"Informatique &amp; T\u00e9l\u00e9phones\",\"publisher\":{\"@id\":\"https:\\\/\\\/www.it-pro.fr\\\/#organization\"},\"potentialAction\":[{\"@type\":\"SearchAction\",\"target\":{\"@type\":\"EntryPoint\",\"urlTemplate\":\"https:\\\/\\\/www.it-pro.fr\\\/?s={search_term_string}\"},\"query-input\":{\"@type\":\"PropertyValueSpecification\",\"valueRequired\":true,\"valueName\":\"search_term_string\"}}],\"inLanguage\":\"fr-FR\"},{\"@type\":\"Organization\",\"@id\":\"https:\\\/\\\/www.it-pro.fr\\\/#organization\",\"name\":\"IT-PRO\",\"url\":\"https:\\\/\\\/www.it-pro.fr\\\/\",\"logo\":{\"@type\":\"ImageObject\",\"inLanguage\":\"fr-FR\",\"@id\":\"https:\\\/\\\/www.it-pro.fr\\\/#\\\/schema\\\/logo\\\/image\\\/\",\"url\":\"https:\\\/\\\/www.it-pro.fr\\\/wp-content\\\/uploads\\\/2025\\\/01\\\/cropped-cropped-cropped-Photoroom-20241227_184125.png\",\"contentUrl\":\"https:\\\/\\\/www.it-pro.fr\\\/wp-content\\\/uploads\\\/2025\\\/01\\\/cropped-cropped-cropped-Photoroom-20241227_184125.png\",\"width\":511,\"height\":512,\"caption\":\"IT-PRO\"},\"image\":{\"@id\":\"https:\\\/\\\/www.it-pro.fr\\\/#\\\/schema\\\/logo\\\/image\\\/\"},\"sameAs\":[\"https:\\\/\\\/www.facebook.com\\\/profile.php?id=61573944776199\",\"https:\\\/\\\/www.instagram.com\\\/it_pro42\\\/\"]}]}<\/script>\n<!-- \/ Yoast SEO plugin. -->","yoast_head_json":{"title":"Batterie iPhone 8 Haute Capacit\u00e9 - IT-PRO","robots":{"index":"index","follow":"follow","max-snippet":"max-snippet:-1","max-image-preview":"max-image-preview:large","max-video-preview":"max-video-preview:-1"},"canonical":"https:\/\/www.it-pro.fr\/index.php\/produit\/batterie-iphone-8-haute-capacite\/","og_locale":"fr_FR","og_type":"article","og_title":"Batterie iPhone 8 Haute Capacit\u00e9 - IT-PRO","og_description":"\ud83d\udd0b Batterie Haute Capacit\u00e9 avec Puce Texas Instruments Pour r\u00e9parations professionnelles exigeantes \ud83d\udcdd Description Cette batterie de remplacement haute capacit\u00e9 est con\u00e7ue pour offrir une autonomie prolong\u00e9e aux utilisateurs d\u2019iPhone, tout en maintenant une stabilit\u00e9 parfaite avec les versions iOS. \u2699\ufe0f Dot\u00e9e d\u2019une puce Texas Instruments (Ti) int\u00e9gr\u00e9e, elle assure une communication optimale avec la...","og_url":"https:\/\/www.it-pro.fr\/index.php\/produit\/batterie-iphone-8-haute-capacite\/","og_site_name":"IT-PRO","article_publisher":"https:\/\/www.facebook.com\/profile.php?id=61573944776199","article_modified_time":"2025-06-11T07:35:59+00:00","og_image":[{"width":1080,"height":1080,"url":"https:\/\/www.it-pro.fr\/wp-content\/uploads\/2025\/06\/Batterie-iPhone-8-Haute-Capacite.png","type":"image\/png"}],"twitter_card":"summary_large_image","twitter_misc":{"Dur\u00e9e de lecture estim\u00e9e":"2 minutes"},"schema":{"@context":"https:\/\/schema.org","@graph":[{"@type":"WebPage","@id":"https:\/\/www.it-pro.fr\/index.php\/produit\/batterie-iphone-8-haute-capacite\/","url":"https:\/\/www.it-pro.fr\/index.php\/produit\/batterie-iphone-8-haute-capacite\/","name":"Batterie iPhone 8 Haute Capacit\u00e9 - IT-PRO","isPartOf":{"@id":"https:\/\/www.it-pro.fr\/#website"},"primaryImageOfPage":{"@id":"https:\/\/www.it-pro.fr\/index.php\/produit\/batterie-iphone-8-haute-capacite\/#primaryimage"},"image":{"@id":"https:\/\/www.it-pro.fr\/index.php\/produit\/batterie-iphone-8-haute-capacite\/#primaryimage"},"thumbnailUrl":"https:\/\/www.it-pro.fr\/wp-content\/uploads\/2025\/06\/Batterie-iPhone-8-Haute-Capacite.png","datePublished":"2025-06-05T15:25:06+00:00","dateModified":"2025-06-11T07:35:59+00:00","breadcrumb":{"@id":"https:\/\/www.it-pro.fr\/index.php\/produit\/batterie-iphone-8-haute-capacite\/#breadcrumb"},"inLanguage":"fr-FR","potentialAction":[{"@type":"ReadAction","target":["https:\/\/www.it-pro.fr\/index.php\/produit\/batterie-iphone-8-haute-capacite\/"]}]},{"@type":"ImageObject","inLanguage":"fr-FR","@id":"https:\/\/www.it-pro.fr\/index.php\/produit\/batterie-iphone-8-haute-capacite\/#primaryimage","url":"https:\/\/www.it-pro.fr\/wp-content\/uploads\/2025\/06\/Batterie-iPhone-8-Haute-Capacite.png","contentUrl":"https:\/\/www.it-pro.fr\/wp-content\/uploads\/2025\/06\/Batterie-iPhone-8-Haute-Capacite.png","width":1080,"height":1080,"caption":"Batterie iPhone 8 Haute Capacit\u00e9"},{"@type":"BreadcrumbList","@id":"https:\/\/www.it-pro.fr\/index.php\/produit\/batterie-iphone-8-haute-capacite\/#breadcrumb","itemListElement":[{"@type":"ListItem","position":1,"name":"Accueil","item":"https:\/\/www.it-pro.fr\/"},{"@type":"ListItem","position":2,"name":"Boutique","item":"https:\/\/www.it-pro.fr\/index.php\/boutique\/"},{"@type":"ListItem","position":3,"name":"Batterie iPhone 8 Haute Capacit\u00e9"}]},{"@type":"WebSite","@id":"https:\/\/www.it-pro.fr\/#website","url":"https:\/\/www.it-pro.fr\/","name":"IT-PRO","description":"Informatique &amp; T\u00e9l\u00e9phones","publisher":{"@id":"https:\/\/www.it-pro.fr\/#organization"},"potentialAction":[{"@type":"SearchAction","target":{"@type":"EntryPoint","urlTemplate":"https:\/\/www.it-pro.fr\/?s={search_term_string}"},"query-input":{"@type":"PropertyValueSpecification","valueRequired":true,"valueName":"search_term_string"}}],"inLanguage":"fr-FR"},{"@type":"Organization","@id":"https:\/\/www.it-pro.fr\/#organization","name":"IT-PRO","url":"https:\/\/www.it-pro.fr\/","logo":{"@type":"ImageObject","inLanguage":"fr-FR","@id":"https:\/\/www.it-pro.fr\/#\/schema\/logo\/image\/","url":"https:\/\/www.it-pro.fr\/wp-content\/uploads\/2025\/01\/cropped-cropped-cropped-Photoroom-20241227_184125.png","contentUrl":"https:\/\/www.it-pro.fr\/wp-content\/uploads\/2025\/01\/cropped-cropped-cropped-Photoroom-20241227_184125.png","width":511,"height":512,"caption":"IT-PRO"},"image":{"@id":"https:\/\/www.it-pro.fr\/#\/schema\/logo\/image\/"},"sameAs":["https:\/\/www.facebook.com\/profile.php?id=61573944776199","https:\/\/www.instagram.com\/it_pro42\/"]}]}},"jetpack_sharing_enabled":true,"_links":{"self":[{"href":"https:\/\/www.it-pro.fr\/index.php\/wp-json\/wp\/v2\/product\/1907","targetHints":{"allow":["GET"]}}],"collection":[{"href":"https:\/\/www.it-pro.fr\/index.php\/wp-json\/wp\/v2\/product"}],"about":[{"href":"https:\/\/www.it-pro.fr\/index.php\/wp-json\/wp\/v2\/types\/product"}],"replies":[{"embeddable":true,"href":"https:\/\/www.it-pro.fr\/index.php\/wp-json\/wp\/v2\/comments?post=1907"}],"wp:featuredmedia":[{"embeddable":true,"href":"https:\/\/www.it-pro.fr\/index.php\/wp-json\/wp\/v2\/media\/1908"}],"wp:attachment":[{"href":"https:\/\/www.it-pro.fr\/index.php\/wp-json\/wp\/v2\/media?parent=1907"}],"wp:term":[{"taxonomy":"product_brand","embeddable":true,"href":"https:\/\/www.it-pro.fr\/index.php\/wp-json\/wp\/v2\/product_brand?post=1907"},{"taxonomy":"product_cat","embeddable":true,"href":"https:\/\/www.it-pro.fr\/index.php\/wp-json\/wp\/v2\/product_cat?post=1907"},{"taxonomy":"product_tag","embeddable":true,"href":"https:\/\/www.it-pro.fr\/index.php\/wp-json\/wp\/v2\/product_tag?post=1907"}],"curies":[{"name":"wp","href":"https:\/\/api.w.org\/{rel}","templated":true}]}}