{"id":1445,"date":"2025-05-28T11:17:09","date_gmt":"2025-05-28T09:17:09","guid":{"rendered":"https:\/\/www.it-pro.fr\/?post_type=product&#038;p=1445"},"modified":"2025-05-28T11:31:31","modified_gmt":"2025-05-28T09:31:31","slug":"lentille-camera-iphone-15-pro-max","status":"publish","type":"product","link":"https:\/\/www.it-pro.fr\/index.php\/produit\/lentille-camera-iphone-15-pro-max\/","title":{"rendered":"Lentille Cam\u00e9ra iPhone 15 Pro Max"},"content":{"rendered":"<h2 data-start=\"165\" data-end=\"226\">\ud83d\udcf8 <strong data-start=\"171\" data-end=\"226\">Lentille Cam\u00e9ra iPhone 15 Pro Max \u2013 Qualit\u00e9 Premium<\/strong><\/h2>\n<h3 data-start=\"228\" data-end=\"291\">\ud83d\udd27 <strong data-start=\"235\" data-end=\"291\">Remplacez la lentille cass\u00e9e ou ray\u00e9e avec pr\u00e9cision<\/strong><\/h3>\n<p data-start=\"292\" data-end=\"449\">Cette lentille de remplacement est con\u00e7ue <strong data-start=\"334\" data-end=\"377\">sp\u00e9cifiquement pour l\u2019iPhone 15 Pro Max<\/strong>, offrant une <strong data-start=\"391\" data-end=\"417\">compatibilit\u00e9 parfaite<\/strong> avec le module photo d\u2019origine.<\/p>\n<hr data-start=\"451\" data-end=\"454\" \/>\n<h3 data-start=\"456\" data-end=\"494\">\u2699\ufe0f <strong data-start=\"463\" data-end=\"494\">Caract\u00e9ristiques Techniques<\/strong><\/h3>\n<ul data-start=\"495\" data-end=\"861\">\n<li data-start=\"495\" data-end=\"571\">\n<p data-start=\"497\" data-end=\"571\">\ud83e\udde9 <strong data-start=\"500\" data-end=\"533\">Verre tremp\u00e9 de haute qualit\u00e9<\/strong>, r\u00e9sistant aux rayures et aux chocs<\/p>\n<\/li>\n<li data-start=\"572\" data-end=\"650\">\n<p data-start=\"574\" data-end=\"650\">\ud83d\udd0d <strong data-start=\"577\" data-end=\"602\">Transparence optimale<\/strong> pour ne pas alt\u00e9rer la qualit\u00e9 photo ou vid\u00e9o<\/p>\n<\/li>\n<li data-start=\"651\" data-end=\"722\">\n<p data-start=\"653\" data-end=\"722\">\ud83d\udcd0 <strong data-start=\"656\" data-end=\"675\">D\u00e9coupe pr\u00e9cise<\/strong> pour une int\u00e9gration parfaite sur le ch\u00e2ssis<\/p>\n<\/li>\n<li data-start=\"723\" data-end=\"785\">\n<p data-start=\"725\" data-end=\"785\">\ud83d\udee0\ufe0f <strong data-start=\"729\" data-end=\"769\">Compatible avec le cadre titane (Ti)<\/strong> du 15 Pro Max<\/p>\n<\/li>\n<li data-start=\"786\" data-end=\"861\">\n<p data-start=\"788\" data-end=\"861\">\ud83e\uddea <strong data-start=\"791\" data-end=\"818\">Test\u00e9e individuellement<\/strong> pour garantir une pose fiable et durable<\/p>\n<\/li>\n<\/ul>\n<hr data-start=\"863\" data-end=\"866\" \/>\n<h3 data-start=\"868\" data-end=\"898\">\ud83d\udee0\ufe0f <strong data-start=\"876\" data-end=\"898\">Facile \u00e0 Installer<\/strong><\/h3>\n<ul data-start=\"899\" data-end=\"1090\">\n<li data-start=\"899\" data-end=\"960\">\n<p data-start=\"901\" data-end=\"960\">\u2705 Installation simple avec les bons outils professionnels<\/p>\n<\/li>\n<li data-start=\"961\" data-end=\"1025\">\n<p data-start=\"963\" data-end=\"1025\">\ud83e\uddf4 Compatible avec les adh\u00e9sifs ou colles optiques standards<\/p>\n<\/li>\n<li data-start=\"1026\" data-end=\"1090\">\n<p data-start=\"1028\" data-end=\"1090\">\ud83d\udd27 Id\u00e9ale pour les r\u00e9parations en atelier ou en r\u00e9seau agr\u00e9\u00e9<\/p>\n<\/li>\n<\/ul>\n<hr data-start=\"1092\" data-end=\"1095\" \/>\n<h3 data-start=\"1097\" data-end=\"1117\">\ud83d\udca1 <strong data-start=\"1104\" data-end=\"1117\">Avantages<\/strong><\/h3>\n<ul data-start=\"1118\" data-end=\"1370\">\n<li data-start=\"1118\" data-end=\"1170\">\n<p data-start=\"1120\" data-end=\"1170\">\ud83d\udcf8 Restaure la <strong data-start=\"1135\" data-end=\"1168\">qualit\u00e9 photo\/vid\u00e9o d\u2019origine<\/strong><\/p>\n<\/li>\n<li data-start=\"1171\" data-end=\"1232\">\n<p data-start=\"1173\" data-end=\"1232\">\ud83d\udcb8 Co\u00fbt de r\u00e9paration ma\u00eetris\u00e9 pour un remplacement cibl\u00e9<\/p>\n<\/li>\n<li data-start=\"1233\" data-end=\"1299\">\n<p data-start=\"1235\" data-end=\"1299\">\ud83d\udd01 Alternative rapide \u00e0 un changement complet de module cam\u00e9ra<\/p>\n<\/li>\n<li data-start=\"1300\" data-end=\"1370\">\n<p data-start=\"1302\" data-end=\"1370\">\u267b\ufe0f Contribue \u00e0 une <strong data-start=\"1321\" data-end=\"1343\">r\u00e9paration durable<\/strong>, sans remplacement inutile<\/p>\n<\/li>\n<\/ul>\n<hr data-start=\"1372\" data-end=\"1375\" \/>\n<h2 data-start=\"1377\" data-end=\"1467\">\ud83d\uded2 <strong data-start=\"1383\" data-end=\"1467\">Optez pour une r\u00e9paration de pr\u00e9cision avec la Lentille Cam\u00e9ra iPhone 15 Pro Max<\/strong><\/h2>\n<p data-start=\"1468\" data-end=\"1573\"><strong data-start=\"1468\" data-end=\"1542\">Pi\u00e8ce indispensable pour garantir une restitution visuelle sans d\u00e9faut<\/strong> apr\u00e8s choc, rayure ou fissure.<\/p>\n","protected":false},"excerpt":{"rendered":"<p>\ud83d\udcf8 Lentille Cam\u00e9ra iPhone 15 Pro Max \u2013 Qualit\u00e9 Premium \ud83d\udd27 Remplacez la lentille cass\u00e9e ou ray\u00e9e avec pr\u00e9cision Cette lentille de remplacement est con\u00e7ue sp\u00e9cifiquement pour l\u2019iPhone 15 Pro Max, offrant une compatibilit\u00e9 parfaite avec le module photo d\u2019origine. \u2699\ufe0f Caract\u00e9ristiques Techniques \ud83e\udde9 Verre tremp\u00e9 de haute qualit\u00e9, r\u00e9sistant aux rayures et aux chocs&#8230;<\/p>\n","protected":false},"featured_media":1449,"comment_status":"open","ping_status":"closed","template":"","meta":{"_kad_post_transparent":"default","_kad_post_title":"","_kad_post_layout":"default","_kad_post_sidebar_id":"","_kad_post_content_style":"default","_kad_post_vertical_padding":"default","_kad_post_feature":"","_kad_post_feature_position":"","_kad_post_header":false,"_kad_post_footer":false,"_kad_post_classname":""},"product_brand":[],"product_cat":[105],"product_tag":[],"class_list":{"0":"post-1445","1":"product","2":"type-product","3":"status-publish","4":"has-post-thumbnail","6":"product_cat-kit-iphone-15-pro-max","8":"first","9":"instock","10":"sale","11":"taxable","12":"shipping-taxable","13":"purchasable","14":"product-type-simple","15":"entry","16":"content-bg","17":"loop-entry"},"yoast_head":"<!-- This site is optimized with the Yoast SEO plugin v27.5 - https:\/\/yoast.com\/product\/yoast-seo-wordpress\/ -->\n<title>Lentille Cam\u00e9ra iPhone 15 Pro Max - IT-PRO<\/title>\n<meta name=\"robots\" content=\"index, follow, max-snippet:-1, max-image-preview:large, max-video-preview:-1\" \/>\n<link rel=\"canonical\" href=\"https:\/\/www.it-pro.fr\/index.php\/produit\/lentille-camera-iphone-15-pro-max\/\" \/>\n<meta property=\"og:locale\" content=\"fr_FR\" \/>\n<meta property=\"og:type\" content=\"article\" \/>\n<meta property=\"og:title\" content=\"Lentille Cam\u00e9ra iPhone 15 Pro Max - IT-PRO\" \/>\n<meta property=\"og:description\" content=\"\ud83d\udcf8 Lentille Cam\u00e9ra iPhone 15 Pro Max \u2013 Qualit\u00e9 Premium \ud83d\udd27 Remplacez la lentille cass\u00e9e ou ray\u00e9e avec pr\u00e9cision Cette lentille de remplacement est con\u00e7ue sp\u00e9cifiquement pour l\u2019iPhone 15 Pro Max, offrant une compatibilit\u00e9 parfaite avec le module photo d\u2019origine. \u2699\ufe0f Caract\u00e9ristiques Techniques \ud83e\udde9 Verre tremp\u00e9 de haute qualit\u00e9, r\u00e9sistant aux rayures et aux chocs...\" \/>\n<meta property=\"og:url\" content=\"https:\/\/www.it-pro.fr\/index.php\/produit\/lentille-camera-iphone-15-pro-max\/\" \/>\n<meta property=\"og:site_name\" content=\"IT-PRO\" \/>\n<meta property=\"article:publisher\" content=\"https:\/\/www.facebook.com\/profile.php?id=61573944776199\" \/>\n<meta property=\"article:modified_time\" content=\"2025-05-28T09:31:31+00:00\" \/>\n<meta property=\"og:image\" content=\"https:\/\/www.it-pro.fr\/wp-content\/uploads\/2025\/05\/Lentille-Camera-iPhone-15-Pro-Max-2.png\" \/>\n\t<meta property=\"og:image:width\" content=\"1080\" \/>\n\t<meta property=\"og:image:height\" content=\"1080\" \/>\n\t<meta property=\"og:image:type\" content=\"image\/png\" \/>\n<meta name=\"twitter:card\" content=\"summary_large_image\" \/>\n<meta name=\"twitter:label1\" content=\"Dur\u00e9e de lecture estim\u00e9e\" \/>\n\t<meta name=\"twitter:data1\" content=\"1 minute\" \/>\n<script type=\"application\/ld+json\" class=\"yoast-schema-graph\">{\"@context\":\"https:\\\/\\\/schema.org\",\"@graph\":[{\"@type\":\"WebPage\",\"@id\":\"https:\\\/\\\/www.it-pro.fr\\\/index.php\\\/produit\\\/lentille-camera-iphone-15-pro-max\\\/\",\"url\":\"https:\\\/\\\/www.it-pro.fr\\\/index.php\\\/produit\\\/lentille-camera-iphone-15-pro-max\\\/\",\"name\":\"Lentille Cam\u00e9ra iPhone 15 Pro Max - IT-PRO\",\"isPartOf\":{\"@id\":\"https:\\\/\\\/www.it-pro.fr\\\/#website\"},\"primaryImageOfPage\":{\"@id\":\"https:\\\/\\\/www.it-pro.fr\\\/index.php\\\/produit\\\/lentille-camera-iphone-15-pro-max\\\/#primaryimage\"},\"image\":{\"@id\":\"https:\\\/\\\/www.it-pro.fr\\\/index.php\\\/produit\\\/lentille-camera-iphone-15-pro-max\\\/#primaryimage\"},\"thumbnailUrl\":\"https:\\\/\\\/www.it-pro.fr\\\/wp-content\\\/uploads\\\/2025\\\/05\\\/Lentille-Camera-iPhone-15-Pro-Max-2.png\",\"datePublished\":\"2025-05-28T09:17:09+00:00\",\"dateModified\":\"2025-05-28T09:31:31+00:00\",\"breadcrumb\":{\"@id\":\"https:\\\/\\\/www.it-pro.fr\\\/index.php\\\/produit\\\/lentille-camera-iphone-15-pro-max\\\/#breadcrumb\"},\"inLanguage\":\"fr-FR\",\"potentialAction\":[{\"@type\":\"ReadAction\",\"target\":[\"https:\\\/\\\/www.it-pro.fr\\\/index.php\\\/produit\\\/lentille-camera-iphone-15-pro-max\\\/\"]}]},{\"@type\":\"ImageObject\",\"inLanguage\":\"fr-FR\",\"@id\":\"https:\\\/\\\/www.it-pro.fr\\\/index.php\\\/produit\\\/lentille-camera-iphone-15-pro-max\\\/#primaryimage\",\"url\":\"https:\\\/\\\/www.it-pro.fr\\\/wp-content\\\/uploads\\\/2025\\\/05\\\/Lentille-Camera-iPhone-15-Pro-Max-2.png\",\"contentUrl\":\"https:\\\/\\\/www.it-pro.fr\\\/wp-content\\\/uploads\\\/2025\\\/05\\\/Lentille-Camera-iPhone-15-Pro-Max-2.png\",\"width\":1080,\"height\":1080,\"caption\":\"Lentille Cam\u00e9ra iPhone 15 Pro Max\"},{\"@type\":\"BreadcrumbList\",\"@id\":\"https:\\\/\\\/www.it-pro.fr\\\/index.php\\\/produit\\\/lentille-camera-iphone-15-pro-max\\\/#breadcrumb\",\"itemListElement\":[{\"@type\":\"ListItem\",\"position\":1,\"name\":\"Accueil\",\"item\":\"https:\\\/\\\/www.it-pro.fr\\\/\"},{\"@type\":\"ListItem\",\"position\":2,\"name\":\"Boutique\",\"item\":\"https:\\\/\\\/www.it-pro.fr\\\/index.php\\\/boutique\\\/\"},{\"@type\":\"ListItem\",\"position\":3,\"name\":\"Lentille Cam\u00e9ra iPhone 15 Pro Max\"}]},{\"@type\":\"WebSite\",\"@id\":\"https:\\\/\\\/www.it-pro.fr\\\/#website\",\"url\":\"https:\\\/\\\/www.it-pro.fr\\\/\",\"name\":\"IT-PRO\",\"description\":\"Informatique &amp; T\u00e9l\u00e9phones\",\"publisher\":{\"@id\":\"https:\\\/\\\/www.it-pro.fr\\\/#organization\"},\"potentialAction\":[{\"@type\":\"SearchAction\",\"target\":{\"@type\":\"EntryPoint\",\"urlTemplate\":\"https:\\\/\\\/www.it-pro.fr\\\/?s={search_term_string}\"},\"query-input\":{\"@type\":\"PropertyValueSpecification\",\"valueRequired\":true,\"valueName\":\"search_term_string\"}}],\"inLanguage\":\"fr-FR\"},{\"@type\":\"Organization\",\"@id\":\"https:\\\/\\\/www.it-pro.fr\\\/#organization\",\"name\":\"IT-PRO\",\"url\":\"https:\\\/\\\/www.it-pro.fr\\\/\",\"logo\":{\"@type\":\"ImageObject\",\"inLanguage\":\"fr-FR\",\"@id\":\"https:\\\/\\\/www.it-pro.fr\\\/#\\\/schema\\\/logo\\\/image\\\/\",\"url\":\"https:\\\/\\\/www.it-pro.fr\\\/wp-content\\\/uploads\\\/2025\\\/01\\\/cropped-cropped-cropped-Photoroom-20241227_184125.png\",\"contentUrl\":\"https:\\\/\\\/www.it-pro.fr\\\/wp-content\\\/uploads\\\/2025\\\/01\\\/cropped-cropped-cropped-Photoroom-20241227_184125.png\",\"width\":511,\"height\":512,\"caption\":\"IT-PRO\"},\"image\":{\"@id\":\"https:\\\/\\\/www.it-pro.fr\\\/#\\\/schema\\\/logo\\\/image\\\/\"},\"sameAs\":[\"https:\\\/\\\/www.facebook.com\\\/profile.php?id=61573944776199\",\"https:\\\/\\\/www.instagram.com\\\/it_pro42\\\/\"]}]}<\/script>\n<!-- \/ Yoast SEO plugin. -->","yoast_head_json":{"title":"Lentille Cam\u00e9ra iPhone 15 Pro Max - IT-PRO","robots":{"index":"index","follow":"follow","max-snippet":"max-snippet:-1","max-image-preview":"max-image-preview:large","max-video-preview":"max-video-preview:-1"},"canonical":"https:\/\/www.it-pro.fr\/index.php\/produit\/lentille-camera-iphone-15-pro-max\/","og_locale":"fr_FR","og_type":"article","og_title":"Lentille Cam\u00e9ra iPhone 15 Pro Max - IT-PRO","og_description":"\ud83d\udcf8 Lentille Cam\u00e9ra iPhone 15 Pro Max \u2013 Qualit\u00e9 Premium \ud83d\udd27 Remplacez la lentille cass\u00e9e ou ray\u00e9e avec pr\u00e9cision Cette lentille de remplacement est con\u00e7ue sp\u00e9cifiquement pour l\u2019iPhone 15 Pro Max, offrant une compatibilit\u00e9 parfaite avec le module photo d\u2019origine. \u2699\ufe0f Caract\u00e9ristiques Techniques \ud83e\udde9 Verre tremp\u00e9 de haute qualit\u00e9, r\u00e9sistant aux rayures et aux chocs...","og_url":"https:\/\/www.it-pro.fr\/index.php\/produit\/lentille-camera-iphone-15-pro-max\/","og_site_name":"IT-PRO","article_publisher":"https:\/\/www.facebook.com\/profile.php?id=61573944776199","article_modified_time":"2025-05-28T09:31:31+00:00","og_image":[{"width":1080,"height":1080,"url":"https:\/\/www.it-pro.fr\/wp-content\/uploads\/2025\/05\/Lentille-Camera-iPhone-15-Pro-Max-2.png","type":"image\/png"}],"twitter_card":"summary_large_image","twitter_misc":{"Dur\u00e9e de lecture estim\u00e9e":"1 minute"},"schema":{"@context":"https:\/\/schema.org","@graph":[{"@type":"WebPage","@id":"https:\/\/www.it-pro.fr\/index.php\/produit\/lentille-camera-iphone-15-pro-max\/","url":"https:\/\/www.it-pro.fr\/index.php\/produit\/lentille-camera-iphone-15-pro-max\/","name":"Lentille Cam\u00e9ra iPhone 15 Pro Max - IT-PRO","isPartOf":{"@id":"https:\/\/www.it-pro.fr\/#website"},"primaryImageOfPage":{"@id":"https:\/\/www.it-pro.fr\/index.php\/produit\/lentille-camera-iphone-15-pro-max\/#primaryimage"},"image":{"@id":"https:\/\/www.it-pro.fr\/index.php\/produit\/lentille-camera-iphone-15-pro-max\/#primaryimage"},"thumbnailUrl":"https:\/\/www.it-pro.fr\/wp-content\/uploads\/2025\/05\/Lentille-Camera-iPhone-15-Pro-Max-2.png","datePublished":"2025-05-28T09:17:09+00:00","dateModified":"2025-05-28T09:31:31+00:00","breadcrumb":{"@id":"https:\/\/www.it-pro.fr\/index.php\/produit\/lentille-camera-iphone-15-pro-max\/#breadcrumb"},"inLanguage":"fr-FR","potentialAction":[{"@type":"ReadAction","target":["https:\/\/www.it-pro.fr\/index.php\/produit\/lentille-camera-iphone-15-pro-max\/"]}]},{"@type":"ImageObject","inLanguage":"fr-FR","@id":"https:\/\/www.it-pro.fr\/index.php\/produit\/lentille-camera-iphone-15-pro-max\/#primaryimage","url":"https:\/\/www.it-pro.fr\/wp-content\/uploads\/2025\/05\/Lentille-Camera-iPhone-15-Pro-Max-2.png","contentUrl":"https:\/\/www.it-pro.fr\/wp-content\/uploads\/2025\/05\/Lentille-Camera-iPhone-15-Pro-Max-2.png","width":1080,"height":1080,"caption":"Lentille Cam\u00e9ra iPhone 15 Pro Max"},{"@type":"BreadcrumbList","@id":"https:\/\/www.it-pro.fr\/index.php\/produit\/lentille-camera-iphone-15-pro-max\/#breadcrumb","itemListElement":[{"@type":"ListItem","position":1,"name":"Accueil","item":"https:\/\/www.it-pro.fr\/"},{"@type":"ListItem","position":2,"name":"Boutique","item":"https:\/\/www.it-pro.fr\/index.php\/boutique\/"},{"@type":"ListItem","position":3,"name":"Lentille Cam\u00e9ra iPhone 15 Pro Max"}]},{"@type":"WebSite","@id":"https:\/\/www.it-pro.fr\/#website","url":"https:\/\/www.it-pro.fr\/","name":"IT-PRO","description":"Informatique &amp; T\u00e9l\u00e9phones","publisher":{"@id":"https:\/\/www.it-pro.fr\/#organization"},"potentialAction":[{"@type":"SearchAction","target":{"@type":"EntryPoint","urlTemplate":"https:\/\/www.it-pro.fr\/?s={search_term_string}"},"query-input":{"@type":"PropertyValueSpecification","valueRequired":true,"valueName":"search_term_string"}}],"inLanguage":"fr-FR"},{"@type":"Organization","@id":"https:\/\/www.it-pro.fr\/#organization","name":"IT-PRO","url":"https:\/\/www.it-pro.fr\/","logo":{"@type":"ImageObject","inLanguage":"fr-FR","@id":"https:\/\/www.it-pro.fr\/#\/schema\/logo\/image\/","url":"https:\/\/www.it-pro.fr\/wp-content\/uploads\/2025\/01\/cropped-cropped-cropped-Photoroom-20241227_184125.png","contentUrl":"https:\/\/www.it-pro.fr\/wp-content\/uploads\/2025\/01\/cropped-cropped-cropped-Photoroom-20241227_184125.png","width":511,"height":512,"caption":"IT-PRO"},"image":{"@id":"https:\/\/www.it-pro.fr\/#\/schema\/logo\/image\/"},"sameAs":["https:\/\/www.facebook.com\/profile.php?id=61573944776199","https:\/\/www.instagram.com\/it_pro42\/"]}]}},"jetpack_sharing_enabled":true,"_links":{"self":[{"href":"https:\/\/www.it-pro.fr\/index.php\/wp-json\/wp\/v2\/product\/1445","targetHints":{"allow":["GET"]}}],"collection":[{"href":"https:\/\/www.it-pro.fr\/index.php\/wp-json\/wp\/v2\/product"}],"about":[{"href":"https:\/\/www.it-pro.fr\/index.php\/wp-json\/wp\/v2\/types\/product"}],"replies":[{"embeddable":true,"href":"https:\/\/www.it-pro.fr\/index.php\/wp-json\/wp\/v2\/comments?post=1445"}],"wp:featuredmedia":[{"embeddable":true,"href":"https:\/\/www.it-pro.fr\/index.php\/wp-json\/wp\/v2\/media\/1449"}],"wp:attachment":[{"href":"https:\/\/www.it-pro.fr\/index.php\/wp-json\/wp\/v2\/media?parent=1445"}],"wp:term":[{"taxonomy":"product_brand","embeddable":true,"href":"https:\/\/www.it-pro.fr\/index.php\/wp-json\/wp\/v2\/product_brand?post=1445"},{"taxonomy":"product_cat","embeddable":true,"href":"https:\/\/www.it-pro.fr\/index.php\/wp-json\/wp\/v2\/product_cat?post=1445"},{"taxonomy":"product_tag","embeddable":true,"href":"https:\/\/www.it-pro.fr\/index.php\/wp-json\/wp\/v2\/product_tag?post=1445"}],"curies":[{"name":"wp","href":"https:\/\/api.w.org\/{rel}","templated":true}]}}