{"id":1319,"date":"2025-04-09T16:56:41","date_gmt":"2025-04-09T14:56:41","guid":{"rendered":"https:\/\/www.it-pro.fr\/?post_type=product&#038;p=1319"},"modified":"2025-05-30T18:02:56","modified_gmt":"2025-05-30T16:02:56","slug":"samsung-chargeur-secteur-15w-usb-c-avec-cable-blanc","status":"publish","type":"product","link":"https:\/\/www.it-pro.fr\/index.php\/produit\/samsung-chargeur-secteur-15w-usb-c-avec-cable-blanc\/","title":{"rendered":"SAMSUNG Chargeur Secteur 15W USB C avec Cable Blanc"},"content":{"rendered":"<h1 class=\"tE7R7 indIKd q23Yce fA1vYb cS4Vcb-pGL6qe-fwJd0c\">SAMSUNG Chargeur Secteur 15W USB C avec Cable Blanc<\/h1>\n","protected":false},"excerpt":{"rendered":"<ul class=\"a-unordered-list a-vertical a-spacing-mini\">\n<li class=\"a-spacing-mini\"><span class=\"a-list-item\">Adaptateur de charge rapide pour recharger des appareils compatibles via USB type CPrend en charge le chargement rapide jusqu&rsquo;\u00e0 15 wattsCompatible \u00e9galement avec les smartphones ou tablettes d&rsquo;autres fabricantsAvec 100-240 V \u00e9galement utilisable \u00e0 l&rsquo;\u00e9tranger avec adaptateur de fiche m\u00e2le disponible en optionC\u00e2ble USB type C vers USB type C pour la charge et la synchronisation<\/span><\/li>\n<li class=\"a-spacing-mini\"><span class=\"a-list-item\">Gr\u00e2ce \u00e0 l&rsquo;adaptateur de charge rapide 15 watts, vous pouvez recharger rapidement des appareils Samsung compatibles USB type C<\/span><\/li>\n<li class=\"a-spacing-mini\"><span class=\"a-list-item\">Et gr\u00e2ce au port USB type C avec PD 2<\/span><\/li>\n<li class=\"a-spacing-mini\"><span class=\"a-list-item\">0, vous pouvez m\u00eame recharger des appareils compatibles d&rsquo;autres fabricants et syst\u00e8mes d&rsquo;exploitation<\/span><\/li>\n<li class=\"a-spacing-mini\"><span class=\"a-list-item\">Un c\u00e2ble USB type C vers USB type C est fourn<\/span><\/li>\n<\/ul>\n","protected":false},"featured_media":1320,"comment_status":"open","ping_status":"closed","template":"","meta":{"_kad_post_transparent":"default","_kad_post_title":"","_kad_post_layout":"default","_kad_post_sidebar_id":"","_kad_post_content_style":"default","_kad_post_vertical_padding":"default","_kad_post_feature":"","_kad_post_feature_position":"","_kad_post_header":false,"_kad_post_footer":false,"_kad_post_classname":""},"product_brand":[],"product_cat":[54],"product_tag":[],"class_list":{"0":"post-1319","1":"product","2":"type-product","3":"status-publish","4":"has-post-thumbnail","6":"product_cat-accessoires-smartphones","8":"first","9":"instock","10":"sale","11":"taxable","12":"shipping-taxable","13":"purchasable","14":"product-type-simple","15":"entry","16":"content-bg","17":"loop-entry"},"yoast_head":"<!-- This site is optimized with the Yoast SEO plugin v27.2 - https:\/\/yoast.com\/product\/yoast-seo-wordpress\/ -->\n<title>SAMSUNG Chargeur Secteur 15W USB C avec Cable Blanc - IT-PRO<\/title>\n<meta name=\"robots\" content=\"index, follow, max-snippet:-1, max-image-preview:large, max-video-preview:-1\" \/>\n<link rel=\"canonical\" href=\"https:\/\/www.it-pro.fr\/index.php\/produit\/samsung-chargeur-secteur-15w-usb-c-avec-cable-blanc\/\" \/>\n<meta property=\"og:locale\" content=\"fr_FR\" \/>\n<meta property=\"og:type\" content=\"article\" \/>\n<meta property=\"og:title\" content=\"SAMSUNG Chargeur Secteur 15W USB C avec Cable Blanc - IT-PRO\" \/>\n<meta property=\"og:description\" content=\"Adaptateur de charge rapide pour recharger des appareils compatibles via USB type CPrend en charge le chargement rapide jusqu&#039;\u00e0 15 wattsCompatible \u00e9galement avec les smartphones ou tablettes d&#039;autres fabricantsAvec 100-240 V \u00e9galement utilisable \u00e0 l&#039;\u00e9tranger avec adaptateur de fiche m\u00e2le disponible en optionC\u00e2ble USB type C vers USB type C pour la charge et la synchronisation  Gr\u00e2ce \u00e0 l&#039;adaptateur de charge rapide 15 watts, vous pouvez recharger rapidement des appareils Samsung compatibles USB type C  Et gr\u00e2ce au port USB type C avec PD 2  0, vous pouvez m\u00eame recharger des appareils compatibles d&#039;autres fabricants et syst\u00e8mes d&#039;exploitation  Un c\u00e2ble USB type C vers USB type C est fourn\" \/>\n<meta property=\"og:url\" content=\"https:\/\/www.it-pro.fr\/index.php\/produit\/samsung-chargeur-secteur-15w-usb-c-avec-cable-blanc\/\" \/>\n<meta property=\"og:site_name\" content=\"IT-PRO\" \/>\n<meta property=\"article:publisher\" content=\"https:\/\/www.facebook.com\/profile.php?id=61573944776199\" \/>\n<meta property=\"article:modified_time\" content=\"2025-05-30T16:02:56+00:00\" \/>\n<meta property=\"og:image\" content=\"https:\/\/www.it-pro.fr\/wp-content\/uploads\/2025\/04\/samsung-chargeur-origine-type-c-cable-c-c-blanc-15w.jpg\" \/>\n\t<meta property=\"og:image:width\" content=\"1000\" \/>\n\t<meta property=\"og:image:height\" content=\"1000\" \/>\n\t<meta property=\"og:image:type\" content=\"image\/jpeg\" \/>\n<meta name=\"twitter:card\" content=\"summary_large_image\" \/>\n<script type=\"application\/ld+json\" class=\"yoast-schema-graph\">{\"@context\":\"https:\/\/schema.org\",\"@graph\":[{\"@type\":\"WebPage\",\"@id\":\"https:\/\/www.it-pro.fr\/index.php\/produit\/samsung-chargeur-secteur-15w-usb-c-avec-cable-blanc\/\",\"url\":\"https:\/\/www.it-pro.fr\/index.php\/produit\/samsung-chargeur-secteur-15w-usb-c-avec-cable-blanc\/\",\"name\":\"SAMSUNG Chargeur Secteur 15W USB C avec Cable Blanc - IT-PRO\",\"isPartOf\":{\"@id\":\"https:\/\/www.it-pro.fr\/#website\"},\"primaryImageOfPage\":{\"@id\":\"https:\/\/www.it-pro.fr\/index.php\/produit\/samsung-chargeur-secteur-15w-usb-c-avec-cable-blanc\/#primaryimage\"},\"image\":{\"@id\":\"https:\/\/www.it-pro.fr\/index.php\/produit\/samsung-chargeur-secteur-15w-usb-c-avec-cable-blanc\/#primaryimage\"},\"thumbnailUrl\":\"https:\/\/www.it-pro.fr\/wp-content\/uploads\/2025\/04\/samsung-chargeur-origine-type-c-cable-c-c-blanc-15w.jpg\",\"datePublished\":\"2025-04-09T14:56:41+00:00\",\"dateModified\":\"2025-05-30T16:02:56+00:00\",\"breadcrumb\":{\"@id\":\"https:\/\/www.it-pro.fr\/index.php\/produit\/samsung-chargeur-secteur-15w-usb-c-avec-cable-blanc\/#breadcrumb\"},\"inLanguage\":\"fr-FR\",\"potentialAction\":[{\"@type\":\"ReadAction\",\"target\":[\"https:\/\/www.it-pro.fr\/index.php\/produit\/samsung-chargeur-secteur-15w-usb-c-avec-cable-blanc\/\"]}]},{\"@type\":\"ImageObject\",\"inLanguage\":\"fr-FR\",\"@id\":\"https:\/\/www.it-pro.fr\/index.php\/produit\/samsung-chargeur-secteur-15w-usb-c-avec-cable-blanc\/#primaryimage\",\"url\":\"https:\/\/www.it-pro.fr\/wp-content\/uploads\/2025\/04\/samsung-chargeur-origine-type-c-cable-c-c-blanc-15w.jpg\",\"contentUrl\":\"https:\/\/www.it-pro.fr\/wp-content\/uploads\/2025\/04\/samsung-chargeur-origine-type-c-cable-c-c-blanc-15w.jpg\",\"width\":1000,\"height\":1000,\"caption\":\"SAMSUNG Chargeur Secteur 15W USB C avec Cable Blanc\"},{\"@type\":\"BreadcrumbList\",\"@id\":\"https:\/\/www.it-pro.fr\/index.php\/produit\/samsung-chargeur-secteur-15w-usb-c-avec-cable-blanc\/#breadcrumb\",\"itemListElement\":[{\"@type\":\"ListItem\",\"position\":1,\"name\":\"Accueil\",\"item\":\"https:\/\/www.it-pro.fr\/\"},{\"@type\":\"ListItem\",\"position\":2,\"name\":\"Boutique\",\"item\":\"https:\/\/www.it-pro.fr\/index.php\/boutique\/\"},{\"@type\":\"ListItem\",\"position\":3,\"name\":\"SAMSUNG Chargeur Secteur 15W USB C avec Cable Blanc\"}]},{\"@type\":\"WebSite\",\"@id\":\"https:\/\/www.it-pro.fr\/#website\",\"url\":\"https:\/\/www.it-pro.fr\/\",\"name\":\"IT-PRO\",\"description\":\"Informatique &amp; T\u00e9l\u00e9phones\",\"publisher\":{\"@id\":\"https:\/\/www.it-pro.fr\/#organization\"},\"potentialAction\":[{\"@type\":\"SearchAction\",\"target\":{\"@type\":\"EntryPoint\",\"urlTemplate\":\"https:\/\/www.it-pro.fr\/?s={search_term_string}\"},\"query-input\":{\"@type\":\"PropertyValueSpecification\",\"valueRequired\":true,\"valueName\":\"search_term_string\"}}],\"inLanguage\":\"fr-FR\"},{\"@type\":\"Organization\",\"@id\":\"https:\/\/www.it-pro.fr\/#organization\",\"name\":\"IT-PRO\",\"url\":\"https:\/\/www.it-pro.fr\/\",\"logo\":{\"@type\":\"ImageObject\",\"inLanguage\":\"fr-FR\",\"@id\":\"https:\/\/www.it-pro.fr\/#\/schema\/logo\/image\/\",\"url\":\"https:\/\/www.it-pro.fr\/wp-content\/uploads\/2025\/01\/cropped-cropped-cropped-Photoroom-20241227_184125.png\",\"contentUrl\":\"https:\/\/www.it-pro.fr\/wp-content\/uploads\/2025\/01\/cropped-cropped-cropped-Photoroom-20241227_184125.png\",\"width\":511,\"height\":512,\"caption\":\"IT-PRO\"},\"image\":{\"@id\":\"https:\/\/www.it-pro.fr\/#\/schema\/logo\/image\/\"},\"sameAs\":[\"https:\/\/www.facebook.com\/profile.php?id=61573944776199\",\"https:\/\/www.instagram.com\/it_pro42\/\"]}]}<\/script>\n<!-- \/ Yoast SEO plugin. -->","yoast_head_json":{"title":"SAMSUNG Chargeur Secteur 15W USB C avec Cable Blanc - IT-PRO","robots":{"index":"index","follow":"follow","max-snippet":"max-snippet:-1","max-image-preview":"max-image-preview:large","max-video-preview":"max-video-preview:-1"},"canonical":"https:\/\/www.it-pro.fr\/index.php\/produit\/samsung-chargeur-secteur-15w-usb-c-avec-cable-blanc\/","og_locale":"fr_FR","og_type":"article","og_title":"SAMSUNG Chargeur Secteur 15W USB C avec Cable Blanc - IT-PRO","og_description":"Adaptateur de charge rapide pour recharger des appareils compatibles via USB type CPrend en charge le chargement rapide jusqu'\u00e0 15 wattsCompatible \u00e9galement avec les smartphones ou tablettes d'autres fabricantsAvec 100-240 V \u00e9galement utilisable \u00e0 l'\u00e9tranger avec adaptateur de fiche m\u00e2le disponible en optionC\u00e2ble USB type C vers USB type C pour la charge et la synchronisation  Gr\u00e2ce \u00e0 l'adaptateur de charge rapide 15 watts, vous pouvez recharger rapidement des appareils Samsung compatibles USB type C  Et gr\u00e2ce au port USB type C avec PD 2  0, vous pouvez m\u00eame recharger des appareils compatibles d'autres fabricants et syst\u00e8mes d'exploitation  Un c\u00e2ble USB type C vers USB type C est fourn","og_url":"https:\/\/www.it-pro.fr\/index.php\/produit\/samsung-chargeur-secteur-15w-usb-c-avec-cable-blanc\/","og_site_name":"IT-PRO","article_publisher":"https:\/\/www.facebook.com\/profile.php?id=61573944776199","article_modified_time":"2025-05-30T16:02:56+00:00","og_image":[{"width":1000,"height":1000,"url":"https:\/\/www.it-pro.fr\/wp-content\/uploads\/2025\/04\/samsung-chargeur-origine-type-c-cable-c-c-blanc-15w.jpg","type":"image\/jpeg"}],"twitter_card":"summary_large_image","schema":{"@context":"https:\/\/schema.org","@graph":[{"@type":"WebPage","@id":"https:\/\/www.it-pro.fr\/index.php\/produit\/samsung-chargeur-secteur-15w-usb-c-avec-cable-blanc\/","url":"https:\/\/www.it-pro.fr\/index.php\/produit\/samsung-chargeur-secteur-15w-usb-c-avec-cable-blanc\/","name":"SAMSUNG Chargeur Secteur 15W USB C avec Cable Blanc - IT-PRO","isPartOf":{"@id":"https:\/\/www.it-pro.fr\/#website"},"primaryImageOfPage":{"@id":"https:\/\/www.it-pro.fr\/index.php\/produit\/samsung-chargeur-secteur-15w-usb-c-avec-cable-blanc\/#primaryimage"},"image":{"@id":"https:\/\/www.it-pro.fr\/index.php\/produit\/samsung-chargeur-secteur-15w-usb-c-avec-cable-blanc\/#primaryimage"},"thumbnailUrl":"https:\/\/www.it-pro.fr\/wp-content\/uploads\/2025\/04\/samsung-chargeur-origine-type-c-cable-c-c-blanc-15w.jpg","datePublished":"2025-04-09T14:56:41+00:00","dateModified":"2025-05-30T16:02:56+00:00","breadcrumb":{"@id":"https:\/\/www.it-pro.fr\/index.php\/produit\/samsung-chargeur-secteur-15w-usb-c-avec-cable-blanc\/#breadcrumb"},"inLanguage":"fr-FR","potentialAction":[{"@type":"ReadAction","target":["https:\/\/www.it-pro.fr\/index.php\/produit\/samsung-chargeur-secteur-15w-usb-c-avec-cable-blanc\/"]}]},{"@type":"ImageObject","inLanguage":"fr-FR","@id":"https:\/\/www.it-pro.fr\/index.php\/produit\/samsung-chargeur-secteur-15w-usb-c-avec-cable-blanc\/#primaryimage","url":"https:\/\/www.it-pro.fr\/wp-content\/uploads\/2025\/04\/samsung-chargeur-origine-type-c-cable-c-c-blanc-15w.jpg","contentUrl":"https:\/\/www.it-pro.fr\/wp-content\/uploads\/2025\/04\/samsung-chargeur-origine-type-c-cable-c-c-blanc-15w.jpg","width":1000,"height":1000,"caption":"SAMSUNG Chargeur Secteur 15W USB C avec Cable Blanc"},{"@type":"BreadcrumbList","@id":"https:\/\/www.it-pro.fr\/index.php\/produit\/samsung-chargeur-secteur-15w-usb-c-avec-cable-blanc\/#breadcrumb","itemListElement":[{"@type":"ListItem","position":1,"name":"Accueil","item":"https:\/\/www.it-pro.fr\/"},{"@type":"ListItem","position":2,"name":"Boutique","item":"https:\/\/www.it-pro.fr\/index.php\/boutique\/"},{"@type":"ListItem","position":3,"name":"SAMSUNG Chargeur Secteur 15W USB C avec Cable Blanc"}]},{"@type":"WebSite","@id":"https:\/\/www.it-pro.fr\/#website","url":"https:\/\/www.it-pro.fr\/","name":"IT-PRO","description":"Informatique &amp; T\u00e9l\u00e9phones","publisher":{"@id":"https:\/\/www.it-pro.fr\/#organization"},"potentialAction":[{"@type":"SearchAction","target":{"@type":"EntryPoint","urlTemplate":"https:\/\/www.it-pro.fr\/?s={search_term_string}"},"query-input":{"@type":"PropertyValueSpecification","valueRequired":true,"valueName":"search_term_string"}}],"inLanguage":"fr-FR"},{"@type":"Organization","@id":"https:\/\/www.it-pro.fr\/#organization","name":"IT-PRO","url":"https:\/\/www.it-pro.fr\/","logo":{"@type":"ImageObject","inLanguage":"fr-FR","@id":"https:\/\/www.it-pro.fr\/#\/schema\/logo\/image\/","url":"https:\/\/www.it-pro.fr\/wp-content\/uploads\/2025\/01\/cropped-cropped-cropped-Photoroom-20241227_184125.png","contentUrl":"https:\/\/www.it-pro.fr\/wp-content\/uploads\/2025\/01\/cropped-cropped-cropped-Photoroom-20241227_184125.png","width":511,"height":512,"caption":"IT-PRO"},"image":{"@id":"https:\/\/www.it-pro.fr\/#\/schema\/logo\/image\/"},"sameAs":["https:\/\/www.facebook.com\/profile.php?id=61573944776199","https:\/\/www.instagram.com\/it_pro42\/"]}]}},"jetpack_sharing_enabled":true,"_links":{"self":[{"href":"https:\/\/www.it-pro.fr\/index.php\/wp-json\/wp\/v2\/product\/1319","targetHints":{"allow":["GET"]}}],"collection":[{"href":"https:\/\/www.it-pro.fr\/index.php\/wp-json\/wp\/v2\/product"}],"about":[{"href":"https:\/\/www.it-pro.fr\/index.php\/wp-json\/wp\/v2\/types\/product"}],"replies":[{"embeddable":true,"href":"https:\/\/www.it-pro.fr\/index.php\/wp-json\/wp\/v2\/comments?post=1319"}],"wp:featuredmedia":[{"embeddable":true,"href":"https:\/\/www.it-pro.fr\/index.php\/wp-json\/wp\/v2\/media\/1320"}],"wp:attachment":[{"href":"https:\/\/www.it-pro.fr\/index.php\/wp-json\/wp\/v2\/media?parent=1319"}],"wp:term":[{"taxonomy":"product_brand","embeddable":true,"href":"https:\/\/www.it-pro.fr\/index.php\/wp-json\/wp\/v2\/product_brand?post=1319"},{"taxonomy":"product_cat","embeddable":true,"href":"https:\/\/www.it-pro.fr\/index.php\/wp-json\/wp\/v2\/product_cat?post=1319"},{"taxonomy":"product_tag","embeddable":true,"href":"https:\/\/www.it-pro.fr\/index.php\/wp-json\/wp\/v2\/product_tag?post=1319"}],"curies":[{"name":"wp","href":"https:\/\/api.w.org\/{rel}","templated":true}]}}