{"id":1291,"date":"2025-04-02T16:17:57","date_gmt":"2025-04-02T14:17:57","guid":{"rendered":"https:\/\/www.it-pro.fr\/?post_type=product&#038;p=1291"},"modified":"2025-04-02T16:17:57","modified_gmt":"2025-04-02T14:17:57","slug":"cable-de-chargement-usb-c-vers-usb-c-1-m-blanc","status":"publish","type":"product","link":"https:\/\/www.it-pro.fr\/index.php\/produit\/cable-de-chargement-usb-c-vers-usb-c-1-m-blanc\/","title":{"rendered":"C\u00e2ble de chargement USB-C vers USB-C 1 m, blanc"},"content":{"rendered":"<h1 class=\"product-title\" data-testid=\"product-title\">C\u00e2ble de chargement USB-C vers USB-C 1 m, blanc<\/h1>\n","protected":false},"excerpt":{"rendered":"<p>C\u00e2ble de charge avec connecteurs USB-C de Mobique. Ce c\u00e2ble peut \u00eatre utilis\u00e9 pour recharger votre appareil ou le connecter \u00e0 un ordinateur, un disque dur ou tout autre \u00e9quipement. Avec une puissance allant jusqu&rsquo;\u00e0 60W, il fournit une alimentation fiable et un transfert de donn\u00e9es rapide. Le c\u00e2ble est fabriqu\u00e9 en mat\u00e9riau durable, ce qui le rend r\u00e9sistant pour un usage quotidien.<\/p>\n<p>Connecteurs : USB-C vers USB-C<br \/>\nLongueur : 1 m\u00e8tres<\/p>\n","protected":false},"featured_media":1292,"comment_status":"open","ping_status":"closed","template":"","meta":{"_kad_post_transparent":"default","_kad_post_title":"","_kad_post_layout":"default","_kad_post_sidebar_id":"","_kad_post_content_style":"default","_kad_post_vertical_padding":"default","_kad_post_feature":"","_kad_post_feature_position":"","_kad_post_header":false,"_kad_post_footer":false,"_kad_post_classname":""},"product_brand":[],"product_cat":[17],"product_tag":[],"class_list":{"0":"post-1291","1":"product","2":"type-product","3":"status-publish","4":"has-post-thumbnail","6":"product_cat-non-classe","8":"first","9":"instock","10":"sale","11":"taxable","12":"shipping-taxable","13":"purchasable","14":"product-type-simple","15":"entry","16":"content-bg","17":"loop-entry"},"yoast_head":"<!-- This site is optimized with the Yoast SEO plugin v27.5 - https:\/\/yoast.com\/product\/yoast-seo-wordpress\/ -->\n<title>C\u00e2ble de chargement USB-C vers USB-C 1 m, blanc - IT-PRO<\/title>\n<meta name=\"robots\" content=\"index, follow, max-snippet:-1, max-image-preview:large, max-video-preview:-1\" \/>\n<link rel=\"canonical\" href=\"https:\/\/www.it-pro.fr\/index.php\/produit\/cable-de-chargement-usb-c-vers-usb-c-1-m-blanc\/\" \/>\n<meta property=\"og:locale\" content=\"fr_FR\" \/>\n<meta property=\"og:type\" content=\"article\" \/>\n<meta property=\"og:title\" content=\"C\u00e2ble de chargement USB-C vers USB-C 1 m, blanc - IT-PRO\" \/>\n<meta property=\"og:description\" content=\"C\u00e2ble de charge avec connecteurs USB-C de Mobique. Ce c\u00e2ble peut \u00eatre utilis\u00e9 pour recharger votre appareil ou le connecter \u00e0 un ordinateur, un disque dur ou tout autre \u00e9quipement. Avec une puissance allant jusqu&#039;\u00e0 60W, il fournit une alimentation fiable et un transfert de donn\u00e9es rapide. Le c\u00e2ble est fabriqu\u00e9 en mat\u00e9riau durable, ce qui le rend r\u00e9sistant pour un usage quotidien.  Connecteurs : USB-C vers USB-C Longueur : 1 m\u00e8tres\" \/>\n<meta property=\"og:url\" content=\"https:\/\/www.it-pro.fr\/index.php\/produit\/cable-de-chargement-usb-c-vers-usb-c-1-m-blanc\/\" \/>\n<meta property=\"og:site_name\" content=\"IT-PRO\" \/>\n<meta property=\"article:publisher\" content=\"https:\/\/www.facebook.com\/profile.php?id=61573944776199\" \/>\n<meta property=\"og:image\" content=\"https:\/\/www.it-pro.fr\/wp-content\/uploads\/2025\/04\/IMG-673978___resized_4000_4000.webp\" \/>\n\t<meta property=\"og:image:width\" content=\"823\" \/>\n\t<meta property=\"og:image:height\" content=\"649\" \/>\n\t<meta property=\"og:image:type\" content=\"image\/webp\" \/>\n<meta name=\"twitter:card\" content=\"summary_large_image\" \/>\n<script type=\"application\/ld+json\" class=\"yoast-schema-graph\">{\"@context\":\"https:\\\/\\\/schema.org\",\"@graph\":[{\"@type\":\"WebPage\",\"@id\":\"https:\\\/\\\/www.it-pro.fr\\\/index.php\\\/produit\\\/cable-de-chargement-usb-c-vers-usb-c-1-m-blanc\\\/\",\"url\":\"https:\\\/\\\/www.it-pro.fr\\\/index.php\\\/produit\\\/cable-de-chargement-usb-c-vers-usb-c-1-m-blanc\\\/\",\"name\":\"C\u00e2ble de chargement USB-C vers USB-C 1 m, blanc - IT-PRO\",\"isPartOf\":{\"@id\":\"https:\\\/\\\/www.it-pro.fr\\\/#website\"},\"primaryImageOfPage\":{\"@id\":\"https:\\\/\\\/www.it-pro.fr\\\/index.php\\\/produit\\\/cable-de-chargement-usb-c-vers-usb-c-1-m-blanc\\\/#primaryimage\"},\"image\":{\"@id\":\"https:\\\/\\\/www.it-pro.fr\\\/index.php\\\/produit\\\/cable-de-chargement-usb-c-vers-usb-c-1-m-blanc\\\/#primaryimage\"},\"thumbnailUrl\":\"https:\\\/\\\/www.it-pro.fr\\\/wp-content\\\/uploads\\\/2025\\\/04\\\/IMG-673978___resized_4000_4000.webp\",\"datePublished\":\"2025-04-02T14:17:57+00:00\",\"breadcrumb\":{\"@id\":\"https:\\\/\\\/www.it-pro.fr\\\/index.php\\\/produit\\\/cable-de-chargement-usb-c-vers-usb-c-1-m-blanc\\\/#breadcrumb\"},\"inLanguage\":\"fr-FR\",\"potentialAction\":[{\"@type\":\"ReadAction\",\"target\":[\"https:\\\/\\\/www.it-pro.fr\\\/index.php\\\/produit\\\/cable-de-chargement-usb-c-vers-usb-c-1-m-blanc\\\/\"]}]},{\"@type\":\"ImageObject\",\"inLanguage\":\"fr-FR\",\"@id\":\"https:\\\/\\\/www.it-pro.fr\\\/index.php\\\/produit\\\/cable-de-chargement-usb-c-vers-usb-c-1-m-blanc\\\/#primaryimage\",\"url\":\"https:\\\/\\\/www.it-pro.fr\\\/wp-content\\\/uploads\\\/2025\\\/04\\\/IMG-673978___resized_4000_4000.webp\",\"contentUrl\":\"https:\\\/\\\/www.it-pro.fr\\\/wp-content\\\/uploads\\\/2025\\\/04\\\/IMG-673978___resized_4000_4000.webp\",\"width\":823,\"height\":649,\"caption\":\"C\u00e2ble de chargement USB-C vers USB-C 1 m, blanc\"},{\"@type\":\"BreadcrumbList\",\"@id\":\"https:\\\/\\\/www.it-pro.fr\\\/index.php\\\/produit\\\/cable-de-chargement-usb-c-vers-usb-c-1-m-blanc\\\/#breadcrumb\",\"itemListElement\":[{\"@type\":\"ListItem\",\"position\":1,\"name\":\"Accueil\",\"item\":\"https:\\\/\\\/www.it-pro.fr\\\/\"},{\"@type\":\"ListItem\",\"position\":2,\"name\":\"Boutique\",\"item\":\"https:\\\/\\\/www.it-pro.fr\\\/index.php\\\/boutique\\\/\"},{\"@type\":\"ListItem\",\"position\":3,\"name\":\"C\u00e2ble de chargement USB-C vers USB-C 1 m, blanc\"}]},{\"@type\":\"WebSite\",\"@id\":\"https:\\\/\\\/www.it-pro.fr\\\/#website\",\"url\":\"https:\\\/\\\/www.it-pro.fr\\\/\",\"name\":\"IT-PRO\",\"description\":\"Informatique &amp; T\u00e9l\u00e9phones\",\"publisher\":{\"@id\":\"https:\\\/\\\/www.it-pro.fr\\\/#organization\"},\"potentialAction\":[{\"@type\":\"SearchAction\",\"target\":{\"@type\":\"EntryPoint\",\"urlTemplate\":\"https:\\\/\\\/www.it-pro.fr\\\/?s={search_term_string}\"},\"query-input\":{\"@type\":\"PropertyValueSpecification\",\"valueRequired\":true,\"valueName\":\"search_term_string\"}}],\"inLanguage\":\"fr-FR\"},{\"@type\":\"Organization\",\"@id\":\"https:\\\/\\\/www.it-pro.fr\\\/#organization\",\"name\":\"IT-PRO\",\"url\":\"https:\\\/\\\/www.it-pro.fr\\\/\",\"logo\":{\"@type\":\"ImageObject\",\"inLanguage\":\"fr-FR\",\"@id\":\"https:\\\/\\\/www.it-pro.fr\\\/#\\\/schema\\\/logo\\\/image\\\/\",\"url\":\"https:\\\/\\\/www.it-pro.fr\\\/wp-content\\\/uploads\\\/2025\\\/01\\\/cropped-cropped-cropped-Photoroom-20241227_184125.png\",\"contentUrl\":\"https:\\\/\\\/www.it-pro.fr\\\/wp-content\\\/uploads\\\/2025\\\/01\\\/cropped-cropped-cropped-Photoroom-20241227_184125.png\",\"width\":511,\"height\":512,\"caption\":\"IT-PRO\"},\"image\":{\"@id\":\"https:\\\/\\\/www.it-pro.fr\\\/#\\\/schema\\\/logo\\\/image\\\/\"},\"sameAs\":[\"https:\\\/\\\/www.facebook.com\\\/profile.php?id=61573944776199\",\"https:\\\/\\\/www.instagram.com\\\/it_pro42\\\/\"]}]}<\/script>\n<!-- \/ Yoast SEO plugin. -->","yoast_head_json":{"title":"C\u00e2ble de chargement USB-C vers USB-C 1 m, blanc - IT-PRO","robots":{"index":"index","follow":"follow","max-snippet":"max-snippet:-1","max-image-preview":"max-image-preview:large","max-video-preview":"max-video-preview:-1"},"canonical":"https:\/\/www.it-pro.fr\/index.php\/produit\/cable-de-chargement-usb-c-vers-usb-c-1-m-blanc\/","og_locale":"fr_FR","og_type":"article","og_title":"C\u00e2ble de chargement USB-C vers USB-C 1 m, blanc - IT-PRO","og_description":"C\u00e2ble de charge avec connecteurs USB-C de Mobique. Ce c\u00e2ble peut \u00eatre utilis\u00e9 pour recharger votre appareil ou le connecter \u00e0 un ordinateur, un disque dur ou tout autre \u00e9quipement. Avec une puissance allant jusqu'\u00e0 60W, il fournit une alimentation fiable et un transfert de donn\u00e9es rapide. Le c\u00e2ble est fabriqu\u00e9 en mat\u00e9riau durable, ce qui le rend r\u00e9sistant pour un usage quotidien.  Connecteurs : USB-C vers USB-C Longueur : 1 m\u00e8tres","og_url":"https:\/\/www.it-pro.fr\/index.php\/produit\/cable-de-chargement-usb-c-vers-usb-c-1-m-blanc\/","og_site_name":"IT-PRO","article_publisher":"https:\/\/www.facebook.com\/profile.php?id=61573944776199","og_image":[{"width":823,"height":649,"url":"https:\/\/www.it-pro.fr\/wp-content\/uploads\/2025\/04\/IMG-673978___resized_4000_4000.webp","type":"image\/webp"}],"twitter_card":"summary_large_image","schema":{"@context":"https:\/\/schema.org","@graph":[{"@type":"WebPage","@id":"https:\/\/www.it-pro.fr\/index.php\/produit\/cable-de-chargement-usb-c-vers-usb-c-1-m-blanc\/","url":"https:\/\/www.it-pro.fr\/index.php\/produit\/cable-de-chargement-usb-c-vers-usb-c-1-m-blanc\/","name":"C\u00e2ble de chargement USB-C vers USB-C 1 m, blanc - IT-PRO","isPartOf":{"@id":"https:\/\/www.it-pro.fr\/#website"},"primaryImageOfPage":{"@id":"https:\/\/www.it-pro.fr\/index.php\/produit\/cable-de-chargement-usb-c-vers-usb-c-1-m-blanc\/#primaryimage"},"image":{"@id":"https:\/\/www.it-pro.fr\/index.php\/produit\/cable-de-chargement-usb-c-vers-usb-c-1-m-blanc\/#primaryimage"},"thumbnailUrl":"https:\/\/www.it-pro.fr\/wp-content\/uploads\/2025\/04\/IMG-673978___resized_4000_4000.webp","datePublished":"2025-04-02T14:17:57+00:00","breadcrumb":{"@id":"https:\/\/www.it-pro.fr\/index.php\/produit\/cable-de-chargement-usb-c-vers-usb-c-1-m-blanc\/#breadcrumb"},"inLanguage":"fr-FR","potentialAction":[{"@type":"ReadAction","target":["https:\/\/www.it-pro.fr\/index.php\/produit\/cable-de-chargement-usb-c-vers-usb-c-1-m-blanc\/"]}]},{"@type":"ImageObject","inLanguage":"fr-FR","@id":"https:\/\/www.it-pro.fr\/index.php\/produit\/cable-de-chargement-usb-c-vers-usb-c-1-m-blanc\/#primaryimage","url":"https:\/\/www.it-pro.fr\/wp-content\/uploads\/2025\/04\/IMG-673978___resized_4000_4000.webp","contentUrl":"https:\/\/www.it-pro.fr\/wp-content\/uploads\/2025\/04\/IMG-673978___resized_4000_4000.webp","width":823,"height":649,"caption":"C\u00e2ble de chargement USB-C vers USB-C 1 m, blanc"},{"@type":"BreadcrumbList","@id":"https:\/\/www.it-pro.fr\/index.php\/produit\/cable-de-chargement-usb-c-vers-usb-c-1-m-blanc\/#breadcrumb","itemListElement":[{"@type":"ListItem","position":1,"name":"Accueil","item":"https:\/\/www.it-pro.fr\/"},{"@type":"ListItem","position":2,"name":"Boutique","item":"https:\/\/www.it-pro.fr\/index.php\/boutique\/"},{"@type":"ListItem","position":3,"name":"C\u00e2ble de chargement USB-C vers USB-C 1 m, blanc"}]},{"@type":"WebSite","@id":"https:\/\/www.it-pro.fr\/#website","url":"https:\/\/www.it-pro.fr\/","name":"IT-PRO","description":"Informatique &amp; T\u00e9l\u00e9phones","publisher":{"@id":"https:\/\/www.it-pro.fr\/#organization"},"potentialAction":[{"@type":"SearchAction","target":{"@type":"EntryPoint","urlTemplate":"https:\/\/www.it-pro.fr\/?s={search_term_string}"},"query-input":{"@type":"PropertyValueSpecification","valueRequired":true,"valueName":"search_term_string"}}],"inLanguage":"fr-FR"},{"@type":"Organization","@id":"https:\/\/www.it-pro.fr\/#organization","name":"IT-PRO","url":"https:\/\/www.it-pro.fr\/","logo":{"@type":"ImageObject","inLanguage":"fr-FR","@id":"https:\/\/www.it-pro.fr\/#\/schema\/logo\/image\/","url":"https:\/\/www.it-pro.fr\/wp-content\/uploads\/2025\/01\/cropped-cropped-cropped-Photoroom-20241227_184125.png","contentUrl":"https:\/\/www.it-pro.fr\/wp-content\/uploads\/2025\/01\/cropped-cropped-cropped-Photoroom-20241227_184125.png","width":511,"height":512,"caption":"IT-PRO"},"image":{"@id":"https:\/\/www.it-pro.fr\/#\/schema\/logo\/image\/"},"sameAs":["https:\/\/www.facebook.com\/profile.php?id=61573944776199","https:\/\/www.instagram.com\/it_pro42\/"]}]}},"jetpack_sharing_enabled":true,"_links":{"self":[{"href":"https:\/\/www.it-pro.fr\/index.php\/wp-json\/wp\/v2\/product\/1291","targetHints":{"allow":["GET"]}}],"collection":[{"href":"https:\/\/www.it-pro.fr\/index.php\/wp-json\/wp\/v2\/product"}],"about":[{"href":"https:\/\/www.it-pro.fr\/index.php\/wp-json\/wp\/v2\/types\/product"}],"replies":[{"embeddable":true,"href":"https:\/\/www.it-pro.fr\/index.php\/wp-json\/wp\/v2\/comments?post=1291"}],"wp:featuredmedia":[{"embeddable":true,"href":"https:\/\/www.it-pro.fr\/index.php\/wp-json\/wp\/v2\/media\/1292"}],"wp:attachment":[{"href":"https:\/\/www.it-pro.fr\/index.php\/wp-json\/wp\/v2\/media?parent=1291"}],"wp:term":[{"taxonomy":"product_brand","embeddable":true,"href":"https:\/\/www.it-pro.fr\/index.php\/wp-json\/wp\/v2\/product_brand?post=1291"},{"taxonomy":"product_cat","embeddable":true,"href":"https:\/\/www.it-pro.fr\/index.php\/wp-json\/wp\/v2\/product_cat?post=1291"},{"taxonomy":"product_tag","embeddable":true,"href":"https:\/\/www.it-pro.fr\/index.php\/wp-json\/wp\/v2\/product_tag?post=1291"}],"curies":[{"name":"wp","href":"https:\/\/api.w.org\/{rel}","templated":true}]}}