{"id":1167,"date":"2025-03-26T15:30:05","date_gmt":"2025-03-26T14:30:05","guid":{"rendered":"https:\/\/www.it-pro.fr\/?post_type=product&#038;p=1167"},"modified":"2025-03-26T15:30:06","modified_gmt":"2025-03-26T14:30:06","slug":"chargeur-55w-dorigine-mi","status":"publish","type":"product","link":"https:\/\/www.it-pro.fr\/index.php\/produit\/chargeur-55w-dorigine-mi\/","title":{"rendered":"Chargeur 55W d\u2019origine Mi"},"content":{"rendered":"<p>chargeur d&rsquo;origine pour Xiaomi Mi 11, GaN Fast Turbo 55 W, adaptateur de charge pour \u00e9couteurs Bery Tage A2 A3 Pad, Mini t\u00e9l\u00e9phone, c\u00e2ble USB Type C SnapCable<\/p>\n","protected":false},"excerpt":{"rendered":"<p align=\"center\"><strong id=\"tl_1\" data-spm-anchor-id=\"a2g0o.detail.1000023.i1.684dmFlwmFlw12\">Xiaomi Mi 11 Chargeur 55 W Original GaN Fast Turbo 55 Watt Adaptateur de charge pour Poco X3 X4 A2 A3 Pad Mini T\u00e9l\u00e9phone Usb Type C 6A C\u00e2ble<\/strong><\/p>\n<p align=\"left\"><span id=\"tl_2\">Caract\u00e9ristiques:<\/span><\/p>\n<p align=\"left\"><span id=\"tl_3\">1. Nouveau chargeur turbo Xiaomi 55W EU<\/span><\/p>\n<p align=\"left\"><span id=\"tl_4\">C\u00e2ble de type C 2.100CM\/150CM\/200CM 6A<\/span><\/p>\n<p align=\"left\"><span id=\"tl_5\">3. Mod\u00e8le de produit: MDY-12-EQ<\/span><\/p>\n<p align=\"left\"><span id=\"tl_6\">4. Param\u00e8tres d&rsquo;entr\u00e9e: 100-240V ~,50\/60Hz 1.5A<\/span><\/p>\n<p align=\"left\"><span id=\"tl_7\">5. Sortie: 55W Max<\/span><\/p>\n<p align=\"left\"><span id=\"tl_8\">6.Salesway: Vente en gros\/au d\u00e9tail\/Dropshipping<\/span><\/p>\n<p align=\"left\"><span id=\"tl_9\">Convient pour:<\/span><\/p>\n<p align=\"left\" data-spm-anchor-id=\"a2g0o.detail.1000023.i0.684dmFlwmFlw12\"><span id=\"tl_10\">Xiaomi Redmi K30 Ultra Xiaomi Redmi K40 Xiaomi Redmi K40 PRO Xiaomi Redmi 10X Pro 5G Xiaomi Redmi K30 Pro Zoom Xiaomi Redmi Note 9 Pro Max Xiaomi Redmi Note 9 Pro 5G Xiaomi Redmi K30S Xiaomi Mi 10T Pro 5G Xiaomi Mi 10T 5G Xiaomi Xiaomi Redmi K30i, 5G, Xiaomi Redmi K30, 5G, Xiaomi Redmi Note 9 Pro, Mi 10S Mi Note 10 Lite, Xiaomi Redmi K30 Pro, Xiaomi Black Shark 3, Xiaomi mi 10 5G Xiaomi Redmi K30 5G Xiaomi Mi CC9 Pro Xiaomi Redmi K30 Xiaomi Redmi K20 Pro Premium Xiaomi Black Shark 2 Pro Xiaomi Mi 9T Pro Xiaomi Redmi K20 Pro Xiaomi Black Shark 2 Xiaomi Mi 9 Explorer Xiaomi Mi 9 Xiaomi Redmi 10X 5G Xiaomi Mi 10 Jeunes 5G Xiaomi Mi 10 Lite 5G<\/span><\/p>\n","protected":false},"featured_media":1168,"comment_status":"open","ping_status":"closed","template":"","meta":{"_kad_post_transparent":"default","_kad_post_title":"","_kad_post_layout":"default","_kad_post_sidebar_id":"","_kad_post_content_style":"default","_kad_post_vertical_padding":"default","_kad_post_feature":"","_kad_post_feature_position":"","_kad_post_header":false,"_kad_post_footer":false,"_kad_post_classname":""},"product_brand":[],"product_cat":[54],"product_tag":[],"class_list":{"0":"post-1167","1":"product","2":"type-product","3":"status-publish","4":"has-post-thumbnail","6":"product_cat-accessoires-smartphones","8":"first","9":"instock","10":"sale","11":"taxable","12":"shipping-taxable","13":"purchasable","14":"product-type-simple","15":"entry","16":"content-bg","17":"loop-entry"},"yoast_head":"<!-- This site is optimized with the Yoast SEO plugin v27.2 - https:\/\/yoast.com\/product\/yoast-seo-wordpress\/ -->\n<title>Chargeur 55W d\u2019origine Mi - IT-PRO<\/title>\n<meta name=\"robots\" content=\"index, follow, max-snippet:-1, max-image-preview:large, max-video-preview:-1\" \/>\n<link rel=\"canonical\" href=\"https:\/\/www.it-pro.fr\/index.php\/produit\/chargeur-55w-dorigine-mi\/\" \/>\n<meta property=\"og:locale\" content=\"fr_FR\" \/>\n<meta property=\"og:type\" content=\"article\" \/>\n<meta property=\"og:title\" content=\"Chargeur 55W d\u2019origine Mi - IT-PRO\" \/>\n<meta property=\"og:description\" content=\"Xiaomi Mi 11 Chargeur 55 W Original GaN Fast Turbo 55 Watt Adaptateur de charge pour Poco X3 X4 A2 A3 Pad Mini T\u00e9l\u00e9phone Usb Type C 6A C\u00e2ble Caract\u00e9ristiques: 1. Nouveau chargeur turbo Xiaomi 55W EU C\u00e2ble de type C 2.100CM\/150CM\/200CM 6A 3. Mod\u00e8le de produit: MDY-12-EQ 4. Param\u00e8tres d&#039;entr\u00e9e: 100-240V ~,50\/60Hz 1.5A 5. Sortie: 55W Max 6.Salesway: Vente en gros\/au d\u00e9tail\/Dropshipping Convient pour: Xiaomi Redmi K30 Ultra Xiaomi Redmi K40 Xiaomi Redmi K40 PRO Xiaomi Redmi 10X Pro 5G Xiaomi Redmi K30 Pro Zoom Xiaomi Redmi Note 9 Pro Max Xiaomi Redmi Note 9 Pro 5G Xiaomi Redmi K30S Xiaomi Mi 10T Pro 5G Xiaomi Mi 10T 5G Xiaomi Xiaomi Redmi K30i, 5G, Xiaomi Redmi K30, 5G, Xiaomi Redmi Note 9 Pro, Mi 10S Mi Note 10 Lite, Xiaomi Redmi K30 Pro, Xiaomi Black Shark 3, Xiaomi mi 10 5G Xiaomi Redmi K30 5G Xiaomi Mi CC9 Pro Xiaomi Redmi K30 Xiaomi Redmi K20 Pro Premium Xiaomi Black Shark 2 Pro Xiaomi Mi 9T Pro Xiaomi Redmi K20 Pro Xiaomi Black Shark 2 Xiaomi Mi 9 Explorer Xiaomi Mi 9 Xiaomi Redmi 10X 5G Xiaomi Mi 10 Jeunes 5G Xiaomi Mi 10 Lite 5G\" \/>\n<meta property=\"og:url\" content=\"https:\/\/www.it-pro.fr\/index.php\/produit\/chargeur-55w-dorigine-mi\/\" \/>\n<meta property=\"og:site_name\" content=\"IT-PRO\" \/>\n<meta property=\"article:publisher\" content=\"https:\/\/www.facebook.com\/profile.php?id=61573944776199\" \/>\n<meta property=\"article:modified_time\" content=\"2025-03-26T14:30:06+00:00\" \/>\n<meta property=\"og:image\" content=\"https:\/\/www.it-pro.fr\/wp-content\/uploads\/2025\/03\/1.jpg\" \/>\n\t<meta property=\"og:image:width\" content=\"680\" \/>\n\t<meta property=\"og:image:height\" content=\"680\" \/>\n\t<meta property=\"og:image:type\" content=\"image\/jpeg\" \/>\n<meta name=\"twitter:card\" content=\"summary_large_image\" \/>\n<script type=\"application\/ld+json\" class=\"yoast-schema-graph\">{\"@context\":\"https:\/\/schema.org\",\"@graph\":[{\"@type\":\"WebPage\",\"@id\":\"https:\/\/www.it-pro.fr\/index.php\/produit\/chargeur-55w-dorigine-mi\/\",\"url\":\"https:\/\/www.it-pro.fr\/index.php\/produit\/chargeur-55w-dorigine-mi\/\",\"name\":\"Chargeur 55W d\u2019origine Mi - IT-PRO\",\"isPartOf\":{\"@id\":\"https:\/\/www.it-pro.fr\/#website\"},\"primaryImageOfPage\":{\"@id\":\"https:\/\/www.it-pro.fr\/index.php\/produit\/chargeur-55w-dorigine-mi\/#primaryimage\"},\"image\":{\"@id\":\"https:\/\/www.it-pro.fr\/index.php\/produit\/chargeur-55w-dorigine-mi\/#primaryimage\"},\"thumbnailUrl\":\"https:\/\/www.it-pro.fr\/wp-content\/uploads\/2025\/03\/1.jpg\",\"datePublished\":\"2025-03-26T14:30:05+00:00\",\"dateModified\":\"2025-03-26T14:30:06+00:00\",\"breadcrumb\":{\"@id\":\"https:\/\/www.it-pro.fr\/index.php\/produit\/chargeur-55w-dorigine-mi\/#breadcrumb\"},\"inLanguage\":\"fr-FR\",\"potentialAction\":[{\"@type\":\"ReadAction\",\"target\":[\"https:\/\/www.it-pro.fr\/index.php\/produit\/chargeur-55w-dorigine-mi\/\"]}]},{\"@type\":\"ImageObject\",\"inLanguage\":\"fr-FR\",\"@id\":\"https:\/\/www.it-pro.fr\/index.php\/produit\/chargeur-55w-dorigine-mi\/#primaryimage\",\"url\":\"https:\/\/www.it-pro.fr\/wp-content\/uploads\/2025\/03\/1.jpg\",\"contentUrl\":\"https:\/\/www.it-pro.fr\/wp-content\/uploads\/2025\/03\/1.jpg\",\"width\":680,\"height\":680},{\"@type\":\"BreadcrumbList\",\"@id\":\"https:\/\/www.it-pro.fr\/index.php\/produit\/chargeur-55w-dorigine-mi\/#breadcrumb\",\"itemListElement\":[{\"@type\":\"ListItem\",\"position\":1,\"name\":\"Accueil\",\"item\":\"https:\/\/www.it-pro.fr\/\"},{\"@type\":\"ListItem\",\"position\":2,\"name\":\"Boutique\",\"item\":\"https:\/\/www.it-pro.fr\/index.php\/boutique\/\"},{\"@type\":\"ListItem\",\"position\":3,\"name\":\"Chargeur 55W d\u2019origine Mi\"}]},{\"@type\":\"WebSite\",\"@id\":\"https:\/\/www.it-pro.fr\/#website\",\"url\":\"https:\/\/www.it-pro.fr\/\",\"name\":\"IT-PRO\",\"description\":\"Informatique &amp; T\u00e9l\u00e9phones\",\"publisher\":{\"@id\":\"https:\/\/www.it-pro.fr\/#organization\"},\"potentialAction\":[{\"@type\":\"SearchAction\",\"target\":{\"@type\":\"EntryPoint\",\"urlTemplate\":\"https:\/\/www.it-pro.fr\/?s={search_term_string}\"},\"query-input\":{\"@type\":\"PropertyValueSpecification\",\"valueRequired\":true,\"valueName\":\"search_term_string\"}}],\"inLanguage\":\"fr-FR\"},{\"@type\":\"Organization\",\"@id\":\"https:\/\/www.it-pro.fr\/#organization\",\"name\":\"IT-PRO\",\"url\":\"https:\/\/www.it-pro.fr\/\",\"logo\":{\"@type\":\"ImageObject\",\"inLanguage\":\"fr-FR\",\"@id\":\"https:\/\/www.it-pro.fr\/#\/schema\/logo\/image\/\",\"url\":\"https:\/\/www.it-pro.fr\/wp-content\/uploads\/2025\/01\/cropped-cropped-cropped-Photoroom-20241227_184125.png\",\"contentUrl\":\"https:\/\/www.it-pro.fr\/wp-content\/uploads\/2025\/01\/cropped-cropped-cropped-Photoroom-20241227_184125.png\",\"width\":511,\"height\":512,\"caption\":\"IT-PRO\"},\"image\":{\"@id\":\"https:\/\/www.it-pro.fr\/#\/schema\/logo\/image\/\"},\"sameAs\":[\"https:\/\/www.facebook.com\/profile.php?id=61573944776199\",\"https:\/\/www.instagram.com\/it_pro42\/\"]}]}<\/script>\n<!-- \/ Yoast SEO plugin. -->","yoast_head_json":{"title":"Chargeur 55W d\u2019origine Mi - IT-PRO","robots":{"index":"index","follow":"follow","max-snippet":"max-snippet:-1","max-image-preview":"max-image-preview:large","max-video-preview":"max-video-preview:-1"},"canonical":"https:\/\/www.it-pro.fr\/index.php\/produit\/chargeur-55w-dorigine-mi\/","og_locale":"fr_FR","og_type":"article","og_title":"Chargeur 55W d\u2019origine Mi - IT-PRO","og_description":"Xiaomi Mi 11 Chargeur 55 W Original GaN Fast Turbo 55 Watt Adaptateur de charge pour Poco X3 X4 A2 A3 Pad Mini T\u00e9l\u00e9phone Usb Type C 6A C\u00e2ble Caract\u00e9ristiques: 1. Nouveau chargeur turbo Xiaomi 55W EU C\u00e2ble de type C 2.100CM\/150CM\/200CM 6A 3. Mod\u00e8le de produit: MDY-12-EQ 4. Param\u00e8tres d'entr\u00e9e: 100-240V ~,50\/60Hz 1.5A 5. Sortie: 55W Max 6.Salesway: Vente en gros\/au d\u00e9tail\/Dropshipping Convient pour: Xiaomi Redmi K30 Ultra Xiaomi Redmi K40 Xiaomi Redmi K40 PRO Xiaomi Redmi 10X Pro 5G Xiaomi Redmi K30 Pro Zoom Xiaomi Redmi Note 9 Pro Max Xiaomi Redmi Note 9 Pro 5G Xiaomi Redmi K30S Xiaomi Mi 10T Pro 5G Xiaomi Mi 10T 5G Xiaomi Xiaomi Redmi K30i, 5G, Xiaomi Redmi K30, 5G, Xiaomi Redmi Note 9 Pro, Mi 10S Mi Note 10 Lite, Xiaomi Redmi K30 Pro, Xiaomi Black Shark 3, Xiaomi mi 10 5G Xiaomi Redmi K30 5G Xiaomi Mi CC9 Pro Xiaomi Redmi K30 Xiaomi Redmi K20 Pro Premium Xiaomi Black Shark 2 Pro Xiaomi Mi 9T Pro Xiaomi Redmi K20 Pro Xiaomi Black Shark 2 Xiaomi Mi 9 Explorer Xiaomi Mi 9 Xiaomi Redmi 10X 5G Xiaomi Mi 10 Jeunes 5G Xiaomi Mi 10 Lite 5G","og_url":"https:\/\/www.it-pro.fr\/index.php\/produit\/chargeur-55w-dorigine-mi\/","og_site_name":"IT-PRO","article_publisher":"https:\/\/www.facebook.com\/profile.php?id=61573944776199","article_modified_time":"2025-03-26T14:30:06+00:00","og_image":[{"width":680,"height":680,"url":"https:\/\/www.it-pro.fr\/wp-content\/uploads\/2025\/03\/1.jpg","type":"image\/jpeg"}],"twitter_card":"summary_large_image","schema":{"@context":"https:\/\/schema.org","@graph":[{"@type":"WebPage","@id":"https:\/\/www.it-pro.fr\/index.php\/produit\/chargeur-55w-dorigine-mi\/","url":"https:\/\/www.it-pro.fr\/index.php\/produit\/chargeur-55w-dorigine-mi\/","name":"Chargeur 55W d\u2019origine Mi - IT-PRO","isPartOf":{"@id":"https:\/\/www.it-pro.fr\/#website"},"primaryImageOfPage":{"@id":"https:\/\/www.it-pro.fr\/index.php\/produit\/chargeur-55w-dorigine-mi\/#primaryimage"},"image":{"@id":"https:\/\/www.it-pro.fr\/index.php\/produit\/chargeur-55w-dorigine-mi\/#primaryimage"},"thumbnailUrl":"https:\/\/www.it-pro.fr\/wp-content\/uploads\/2025\/03\/1.jpg","datePublished":"2025-03-26T14:30:05+00:00","dateModified":"2025-03-26T14:30:06+00:00","breadcrumb":{"@id":"https:\/\/www.it-pro.fr\/index.php\/produit\/chargeur-55w-dorigine-mi\/#breadcrumb"},"inLanguage":"fr-FR","potentialAction":[{"@type":"ReadAction","target":["https:\/\/www.it-pro.fr\/index.php\/produit\/chargeur-55w-dorigine-mi\/"]}]},{"@type":"ImageObject","inLanguage":"fr-FR","@id":"https:\/\/www.it-pro.fr\/index.php\/produit\/chargeur-55w-dorigine-mi\/#primaryimage","url":"https:\/\/www.it-pro.fr\/wp-content\/uploads\/2025\/03\/1.jpg","contentUrl":"https:\/\/www.it-pro.fr\/wp-content\/uploads\/2025\/03\/1.jpg","width":680,"height":680},{"@type":"BreadcrumbList","@id":"https:\/\/www.it-pro.fr\/index.php\/produit\/chargeur-55w-dorigine-mi\/#breadcrumb","itemListElement":[{"@type":"ListItem","position":1,"name":"Accueil","item":"https:\/\/www.it-pro.fr\/"},{"@type":"ListItem","position":2,"name":"Boutique","item":"https:\/\/www.it-pro.fr\/index.php\/boutique\/"},{"@type":"ListItem","position":3,"name":"Chargeur 55W d\u2019origine Mi"}]},{"@type":"WebSite","@id":"https:\/\/www.it-pro.fr\/#website","url":"https:\/\/www.it-pro.fr\/","name":"IT-PRO","description":"Informatique &amp; T\u00e9l\u00e9phones","publisher":{"@id":"https:\/\/www.it-pro.fr\/#organization"},"potentialAction":[{"@type":"SearchAction","target":{"@type":"EntryPoint","urlTemplate":"https:\/\/www.it-pro.fr\/?s={search_term_string}"},"query-input":{"@type":"PropertyValueSpecification","valueRequired":true,"valueName":"search_term_string"}}],"inLanguage":"fr-FR"},{"@type":"Organization","@id":"https:\/\/www.it-pro.fr\/#organization","name":"IT-PRO","url":"https:\/\/www.it-pro.fr\/","logo":{"@type":"ImageObject","inLanguage":"fr-FR","@id":"https:\/\/www.it-pro.fr\/#\/schema\/logo\/image\/","url":"https:\/\/www.it-pro.fr\/wp-content\/uploads\/2025\/01\/cropped-cropped-cropped-Photoroom-20241227_184125.png","contentUrl":"https:\/\/www.it-pro.fr\/wp-content\/uploads\/2025\/01\/cropped-cropped-cropped-Photoroom-20241227_184125.png","width":511,"height":512,"caption":"IT-PRO"},"image":{"@id":"https:\/\/www.it-pro.fr\/#\/schema\/logo\/image\/"},"sameAs":["https:\/\/www.facebook.com\/profile.php?id=61573944776199","https:\/\/www.instagram.com\/it_pro42\/"]}]}},"jetpack_sharing_enabled":true,"_links":{"self":[{"href":"https:\/\/www.it-pro.fr\/index.php\/wp-json\/wp\/v2\/product\/1167","targetHints":{"allow":["GET"]}}],"collection":[{"href":"https:\/\/www.it-pro.fr\/index.php\/wp-json\/wp\/v2\/product"}],"about":[{"href":"https:\/\/www.it-pro.fr\/index.php\/wp-json\/wp\/v2\/types\/product"}],"replies":[{"embeddable":true,"href":"https:\/\/www.it-pro.fr\/index.php\/wp-json\/wp\/v2\/comments?post=1167"}],"wp:featuredmedia":[{"embeddable":true,"href":"https:\/\/www.it-pro.fr\/index.php\/wp-json\/wp\/v2\/media\/1168"}],"wp:attachment":[{"href":"https:\/\/www.it-pro.fr\/index.php\/wp-json\/wp\/v2\/media?parent=1167"}],"wp:term":[{"taxonomy":"product_brand","embeddable":true,"href":"https:\/\/www.it-pro.fr\/index.php\/wp-json\/wp\/v2\/product_brand?post=1167"},{"taxonomy":"product_cat","embeddable":true,"href":"https:\/\/www.it-pro.fr\/index.php\/wp-json\/wp\/v2\/product_cat?post=1167"},{"taxonomy":"product_tag","embeddable":true,"href":"https:\/\/www.it-pro.fr\/index.php\/wp-json\/wp\/v2\/product_tag?post=1167"}],"curies":[{"name":"wp","href":"https:\/\/api.w.org\/{rel}","templated":true}]}}