{"id":1045,"date":"2025-03-03T18:13:38","date_gmt":"2025-03-03T17:13:38","guid":{"rendered":"https:\/\/www.it-pro.fr\/?page_id=1045"},"modified":"2025-03-03T18:23:51","modified_gmt":"2025-03-03T17:23:51","slug":"historique","status":"publish","type":"page","link":"https:\/\/www.it-pro.fr\/index.php\/historique\/","title":{"rendered":"Historique"},"content":{"rendered":"\t\t<div data-elementor-type=\"wp-page\" data-elementor-id=\"1045\" class=\"elementor elementor-1045\" data-elementor-post-type=\"page\">\n\t\t\t\t<div class=\"elementor-element elementor-element-52856232 e-flex e-con-boxed e-con e-parent\" data-id=\"52856232\" data-element_type=\"container\" data-e-type=\"container\" data-settings=\"{&quot;background_background&quot;:&quot;classic&quot;}\">\n\t\t\t\t\t<div class=\"e-con-inner\">\n\t\t<div class=\"elementor-element elementor-element-3493c34d e-con-full e-flex e-con e-child\" data-id=\"3493c34d\" data-element_type=\"container\" data-e-type=\"container\" data-settings=\"{&quot;background_background&quot;:&quot;classic&quot;}\">\n\t\t\t\t<div class=\"elementor-element elementor-element-1f19b2d4 elementor-widget elementor-widget-image-box\" data-id=\"1f19b2d4\" data-element_type=\"widget\" data-e-type=\"widget\" data-widget_type=\"image-box.default\">\n\t\t\t\t<div class=\"elementor-widget-container\">\n\t\t\t\t\t<div class=\"elementor-image-box-wrapper\"><div class=\"elementor-image-box-content\"><h4 class=\"elementor-image-box-title\">Principaux jalons et r\u00e9alisations<\/h4><p class=\"elementor-image-box-description\">2024 \u2013 Cr\u00e9ation de IT-PRO, centr\u00e9e sur la r\u00e9paration et l\u2019assistance informatique pour les particuliers.<\/p><\/div><\/div>\t\t\t\t<\/div>\n\t\t\t\t<\/div>\n\t\t\t\t<div class=\"elementor-element elementor-element-e89d524 elementor-widget elementor-widget-image-box\" data-id=\"e89d524\" data-element_type=\"widget\" data-e-type=\"widget\" data-widget_type=\"image-box.default\">\n\t\t\t\t<div class=\"elementor-widget-container\">\n\t\t\t\t\t<div class=\"elementor-image-box-wrapper\"><div class=\"elementor-image-box-content\"><p class=\"elementor-image-box-description\">2024 \u2013 Diversification des services avec l\u2019int\u00e9gration de solutions IT pour les entreprises (gestion des infrastructures, cloud computing).<\/p><\/div><\/div>\t\t\t\t<\/div>\n\t\t\t\t<\/div>\n\t\t\t\t<div class=\"elementor-element elementor-element-db32df7 elementor-widget elementor-widget-image-box\" data-id=\"db32df7\" data-element_type=\"widget\" data-e-type=\"widget\" data-widget_type=\"image-box.default\">\n\t\t\t\t<div class=\"elementor-widget-container\">\n\t\t\t\t\t<div class=\"elementor-image-box-wrapper\"><div class=\"elementor-image-box-content\"><p class=\"elementor-image-box-description\">2024 \u2013 Lancement d\u2019un d\u00e9partement d\u00e9di\u00e9 \u00e0 la cybers\u00e9curit\u00e9 pour r\u00e9pondre aux besoins croissants des entreprises en mati\u00e8re de protection des donn\u00e9es.<\/p><\/div><\/div>\t\t\t\t<\/div>\n\t\t\t\t<\/div>\n\t\t\t\t<div class=\"elementor-element elementor-element-3c9cbff elementor-widget elementor-widget-image-box\" data-id=\"3c9cbff\" data-element_type=\"widget\" data-e-type=\"widget\" data-widget_type=\"image-box.default\">\n\t\t\t\t<div class=\"elementor-widget-container\">\n\t\t\t\t\t<div class=\"elementor-image-box-wrapper\"><div class=\"elementor-image-box-content\"><p class=\"elementor-image-box-description\">2024 \u2013 Acquisition de la soci\u00e9t\u00e9 Narlot, forte de son exp\u00e9rience depuis 2018 dans la r\u00e9gion, renfor\u00e7ant ainsi l\u2019expertise d'IT-PRO et \u00e9largissant son portefeuille de services et sa client\u00e8le.<\/p><\/div><\/div>\t\t\t\t<\/div>\n\t\t\t\t<\/div>\n\t\t\t\t<div class=\"elementor-element elementor-element-5b660c7 elementor-widget elementor-widget-image-box\" data-id=\"5b660c7\" data-element_type=\"widget\" data-e-type=\"widget\" data-widget_type=\"image-box.default\">\n\t\t\t\t<div class=\"elementor-widget-container\">\n\t\t\t\t\t<div class=\"elementor-image-box-wrapper\"><div class=\"elementor-image-box-content\"><p class=\"elementor-image-box-description\">2025 \u2013 Nouveaux partenariats strat\u00e9giques avec des entreprises technologiques de renom et obtention de certifications (inwinteck, dell , hp).<\/p><\/div><\/div>\t\t\t\t<\/div>\n\t\t\t\t<\/div>\n\t\t\t\t<div class=\"elementor-element elementor-element-038de5a elementor-widget elementor-widget-image-box\" data-id=\"038de5a\" data-element_type=\"widget\" data-e-type=\"widget\" data-widget_type=\"image-box.default\">\n\t\t\t\t<div class=\"elementor-widget-container\">\n\t\t\t\t\t<div class=\"elementor-image-box-wrapper\"><div class=\"elementor-image-box-content\"><p class=\"elementor-image-box-description\">2025 \u2013 IT-PRO accompagne d\u00e9sormais plus de 60 clients dans diverses industries, avec des solutions personnalis\u00e9es adapt\u00e9es aux besoins sp\u00e9cifiques.<\/p><\/div><\/div>\t\t\t\t<\/div>\n\t\t\t\t<\/div>\n\t\t\t\t<\/div>\n\t\t<div class=\"elementor-element elementor-element-712099b7 e-con-full e-flex e-con e-child\" data-id=\"712099b7\" data-element_type=\"container\" data-e-type=\"container\">\n\t\t\t\t<div class=\"elementor-element elementor-element-93f2499 elementor-widget elementor-widget-heading\" data-id=\"93f2499\" data-element_type=\"widget\" data-e-type=\"widget\" data-widget_type=\"heading.default\">\n\t\t\t\t<div class=\"elementor-widget-container\">\n\t\t\t\t\t<h2 class=\"elementor-heading-title elementor-size-default\">Historique de IT-PRO<\/h2>\t\t\t\t<\/div>\n\t\t\t\t<\/div>\n\t\t\t\t<div class=\"elementor-element elementor-element-1a5f1a84 elementor-widget elementor-widget-text-editor\" data-id=\"1a5f1a84\" data-element_type=\"widget\" data-e-type=\"widget\" data-widget_type=\"text-editor.default\">\n\t\t\t\t<div class=\"elementor-widget-container\">\n\t\t\t\t\t\t\t\t\t<p>Fond\u00e9e en <strong data-start=\"95\" data-end=\"118\">2024 <\/strong>, <strong data-start=\"120\" data-end=\"130\">IT-PRO<\/strong> a commenc\u00e9 comme une petite entreprise sp\u00e9cialis\u00e9e dans l\u2019assistance informatique et la maintenance. Au fil des ann\u00e9es, elle s&rsquo;est d\u00e9velopp\u00e9e pour devenir un acteur cl\u00e9 dans le domaine des technologies, proposant des services avanc\u00e9s en <strong data-start=\"368\" data-end=\"440\">cybers\u00e9curit\u00e9, d\u00e9veloppement informatique et transformation digitale<\/strong>.<\/p>\t\t\t\t\t\t\t\t<\/div>\n\t\t\t\t<\/div>\n\t\t\t\t<\/div>\n\t\t\t\t\t<\/div>\n\t\t\t\t<\/div>\n\t\t\t\t<\/div>\n\t\t","protected":false},"excerpt":{"rendered":"<p>Principaux jalons et r\u00e9alisations 2024 \u2013 Cr\u00e9ation de IT-PRO, centr\u00e9e sur la r\u00e9paration et l\u2019assistance informatique pour les particuliers. 2024 \u2013 Diversification des services avec l\u2019int\u00e9gration de solutions IT pour les entreprises (gestion des infrastructures, cloud computing). 2024 \u2013 Lancement d\u2019un d\u00e9partement d\u00e9di\u00e9 \u00e0 la cybers\u00e9curit\u00e9 pour r\u00e9pondre aux besoins croissants des entreprises en mati\u00e8re&#8230;<\/p>\n","protected":false},"author":1,"featured_media":0,"parent":0,"menu_order":0,"comment_status":"closed","ping_status":"closed","template":"","meta":{"_kad_post_transparent":"","_kad_post_title":"hide","_kad_post_layout":"fullwidth","_kad_post_sidebar_id":"","_kad_post_content_style":"unboxed","_kad_post_vertical_padding":"hide","_kad_post_feature":"hide","_kad_post_feature_position":"","_kad_post_header":false,"_kad_post_footer":false,"_kad_post_classname":"","footnotes":""},"class_list":["post-1045","page","type-page","status-publish","hentry"],"yoast_head":"<!-- This site is optimized with the Yoast SEO plugin v27.2 - https:\/\/yoast.com\/product\/yoast-seo-wordpress\/ -->\n<title>Historique - IT-PRO<\/title>\n<meta name=\"robots\" content=\"index, follow, max-snippet:-1, max-image-preview:large, max-video-preview:-1\" \/>\n<link rel=\"canonical\" href=\"https:\/\/www.it-pro.fr\/index.php\/historique\/\" \/>\n<meta property=\"og:locale\" content=\"fr_FR\" \/>\n<meta property=\"og:type\" content=\"article\" \/>\n<meta property=\"og:title\" content=\"Historique - IT-PRO\" \/>\n<meta property=\"og:description\" content=\"Principaux jalons et r\u00e9alisations 2024 \u2013 Cr\u00e9ation de IT-PRO, centr\u00e9e sur la r\u00e9paration et l\u2019assistance informatique pour les particuliers. 2024 \u2013 Diversification des services avec l\u2019int\u00e9gration de solutions IT pour les entreprises (gestion des infrastructures, cloud computing). 2024 \u2013 Lancement d\u2019un d\u00e9partement d\u00e9di\u00e9 \u00e0 la cybers\u00e9curit\u00e9 pour r\u00e9pondre aux besoins croissants des entreprises en mati\u00e8re...\" \/>\n<meta property=\"og:url\" content=\"https:\/\/www.it-pro.fr\/index.php\/historique\/\" \/>\n<meta property=\"og:site_name\" content=\"IT-PRO\" \/>\n<meta property=\"article:publisher\" content=\"https:\/\/www.facebook.com\/profile.php?id=61573944776199\" \/>\n<meta property=\"article:modified_time\" content=\"2025-03-03T17:23:51+00:00\" \/>\n<meta name=\"twitter:card\" content=\"summary_large_image\" \/>\n<meta name=\"twitter:label1\" content=\"Dur\u00e9e de lecture estim\u00e9e\" \/>\n\t<meta name=\"twitter:data1\" content=\"1 minute\" \/>\n<script type=\"application\/ld+json\" class=\"yoast-schema-graph\">{\"@context\":\"https:\/\/schema.org\",\"@graph\":[{\"@type\":\"WebPage\",\"@id\":\"https:\/\/www.it-pro.fr\/index.php\/historique\/\",\"url\":\"https:\/\/www.it-pro.fr\/index.php\/historique\/\",\"name\":\"Historique - IT-PRO\",\"isPartOf\":{\"@id\":\"https:\/\/www.it-pro.fr\/#website\"},\"datePublished\":\"2025-03-03T17:13:38+00:00\",\"dateModified\":\"2025-03-03T17:23:51+00:00\",\"breadcrumb\":{\"@id\":\"https:\/\/www.it-pro.fr\/index.php\/historique\/#breadcrumb\"},\"inLanguage\":\"fr-FR\",\"potentialAction\":[{\"@type\":\"ReadAction\",\"target\":[\"https:\/\/www.it-pro.fr\/index.php\/historique\/\"]}]},{\"@type\":\"BreadcrumbList\",\"@id\":\"https:\/\/www.it-pro.fr\/index.php\/historique\/#breadcrumb\",\"itemListElement\":[{\"@type\":\"ListItem\",\"position\":1,\"name\":\"Accueil\",\"item\":\"https:\/\/www.it-pro.fr\/\"},{\"@type\":\"ListItem\",\"position\":2,\"name\":\"Historique\"}]},{\"@type\":\"WebSite\",\"@id\":\"https:\/\/www.it-pro.fr\/#website\",\"url\":\"https:\/\/www.it-pro.fr\/\",\"name\":\"IT-PRO\",\"description\":\"Informatique &amp; T\u00e9l\u00e9phones\",\"publisher\":{\"@id\":\"https:\/\/www.it-pro.fr\/#organization\"},\"potentialAction\":[{\"@type\":\"SearchAction\",\"target\":{\"@type\":\"EntryPoint\",\"urlTemplate\":\"https:\/\/www.it-pro.fr\/?s={search_term_string}\"},\"query-input\":{\"@type\":\"PropertyValueSpecification\",\"valueRequired\":true,\"valueName\":\"search_term_string\"}}],\"inLanguage\":\"fr-FR\"},{\"@type\":\"Organization\",\"@id\":\"https:\/\/www.it-pro.fr\/#organization\",\"name\":\"IT-PRO\",\"url\":\"https:\/\/www.it-pro.fr\/\",\"logo\":{\"@type\":\"ImageObject\",\"inLanguage\":\"fr-FR\",\"@id\":\"https:\/\/www.it-pro.fr\/#\/schema\/logo\/image\/\",\"url\":\"https:\/\/www.it-pro.fr\/wp-content\/uploads\/2025\/01\/cropped-cropped-cropped-Photoroom-20241227_184125.png\",\"contentUrl\":\"https:\/\/www.it-pro.fr\/wp-content\/uploads\/2025\/01\/cropped-cropped-cropped-Photoroom-20241227_184125.png\",\"width\":511,\"height\":512,\"caption\":\"IT-PRO\"},\"image\":{\"@id\":\"https:\/\/www.it-pro.fr\/#\/schema\/logo\/image\/\"},\"sameAs\":[\"https:\/\/www.facebook.com\/profile.php?id=61573944776199\",\"https:\/\/www.instagram.com\/it_pro42\/\"]}]}<\/script>\n<!-- \/ Yoast SEO plugin. -->","yoast_head_json":{"title":"Historique - IT-PRO","robots":{"index":"index","follow":"follow","max-snippet":"max-snippet:-1","max-image-preview":"max-image-preview:large","max-video-preview":"max-video-preview:-1"},"canonical":"https:\/\/www.it-pro.fr\/index.php\/historique\/","og_locale":"fr_FR","og_type":"article","og_title":"Historique - IT-PRO","og_description":"Principaux jalons et r\u00e9alisations 2024 \u2013 Cr\u00e9ation de IT-PRO, centr\u00e9e sur la r\u00e9paration et l\u2019assistance informatique pour les particuliers. 2024 \u2013 Diversification des services avec l\u2019int\u00e9gration de solutions IT pour les entreprises (gestion des infrastructures, cloud computing). 2024 \u2013 Lancement d\u2019un d\u00e9partement d\u00e9di\u00e9 \u00e0 la cybers\u00e9curit\u00e9 pour r\u00e9pondre aux besoins croissants des entreprises en mati\u00e8re...","og_url":"https:\/\/www.it-pro.fr\/index.php\/historique\/","og_site_name":"IT-PRO","article_publisher":"https:\/\/www.facebook.com\/profile.php?id=61573944776199","article_modified_time":"2025-03-03T17:23:51+00:00","twitter_card":"summary_large_image","twitter_misc":{"Dur\u00e9e de lecture estim\u00e9e":"1 minute"},"schema":{"@context":"https:\/\/schema.org","@graph":[{"@type":"WebPage","@id":"https:\/\/www.it-pro.fr\/index.php\/historique\/","url":"https:\/\/www.it-pro.fr\/index.php\/historique\/","name":"Historique - IT-PRO","isPartOf":{"@id":"https:\/\/www.it-pro.fr\/#website"},"datePublished":"2025-03-03T17:13:38+00:00","dateModified":"2025-03-03T17:23:51+00:00","breadcrumb":{"@id":"https:\/\/www.it-pro.fr\/index.php\/historique\/#breadcrumb"},"inLanguage":"fr-FR","potentialAction":[{"@type":"ReadAction","target":["https:\/\/www.it-pro.fr\/index.php\/historique\/"]}]},{"@type":"BreadcrumbList","@id":"https:\/\/www.it-pro.fr\/index.php\/historique\/#breadcrumb","itemListElement":[{"@type":"ListItem","position":1,"name":"Accueil","item":"https:\/\/www.it-pro.fr\/"},{"@type":"ListItem","position":2,"name":"Historique"}]},{"@type":"WebSite","@id":"https:\/\/www.it-pro.fr\/#website","url":"https:\/\/www.it-pro.fr\/","name":"IT-PRO","description":"Informatique &amp; T\u00e9l\u00e9phones","publisher":{"@id":"https:\/\/www.it-pro.fr\/#organization"},"potentialAction":[{"@type":"SearchAction","target":{"@type":"EntryPoint","urlTemplate":"https:\/\/www.it-pro.fr\/?s={search_term_string}"},"query-input":{"@type":"PropertyValueSpecification","valueRequired":true,"valueName":"search_term_string"}}],"inLanguage":"fr-FR"},{"@type":"Organization","@id":"https:\/\/www.it-pro.fr\/#organization","name":"IT-PRO","url":"https:\/\/www.it-pro.fr\/","logo":{"@type":"ImageObject","inLanguage":"fr-FR","@id":"https:\/\/www.it-pro.fr\/#\/schema\/logo\/image\/","url":"https:\/\/www.it-pro.fr\/wp-content\/uploads\/2025\/01\/cropped-cropped-cropped-Photoroom-20241227_184125.png","contentUrl":"https:\/\/www.it-pro.fr\/wp-content\/uploads\/2025\/01\/cropped-cropped-cropped-Photoroom-20241227_184125.png","width":511,"height":512,"caption":"IT-PRO"},"image":{"@id":"https:\/\/www.it-pro.fr\/#\/schema\/logo\/image\/"},"sameAs":["https:\/\/www.facebook.com\/profile.php?id=61573944776199","https:\/\/www.instagram.com\/it_pro42\/"]}]}},"jetpack_sharing_enabled":true,"_links":{"self":[{"href":"https:\/\/www.it-pro.fr\/index.php\/wp-json\/wp\/v2\/pages\/1045","targetHints":{"allow":["GET"]}}],"collection":[{"href":"https:\/\/www.it-pro.fr\/index.php\/wp-json\/wp\/v2\/pages"}],"about":[{"href":"https:\/\/www.it-pro.fr\/index.php\/wp-json\/wp\/v2\/types\/page"}],"author":[{"embeddable":true,"href":"https:\/\/www.it-pro.fr\/index.php\/wp-json\/wp\/v2\/users\/1"}],"replies":[{"embeddable":true,"href":"https:\/\/www.it-pro.fr\/index.php\/wp-json\/wp\/v2\/comments?post=1045"}],"version-history":[{"count":4,"href":"https:\/\/www.it-pro.fr\/index.php\/wp-json\/wp\/v2\/pages\/1045\/revisions"}],"predecessor-version":[{"id":1049,"href":"https:\/\/www.it-pro.fr\/index.php\/wp-json\/wp\/v2\/pages\/1045\/revisions\/1049"}],"wp:attachment":[{"href":"https:\/\/www.it-pro.fr\/index.php\/wp-json\/wp\/v2\/media?parent=1045"}],"curies":[{"name":"wp","href":"https:\/\/api.w.org\/{rel}","templated":true}]}}