{"id":1037,"date":"2025-03-03T18:03:28","date_gmt":"2025-03-03T17:03:28","guid":{"rendered":"https:\/\/www.it-pro.fr\/?page_id=1037"},"modified":"2025-03-03T18:07:38","modified_gmt":"2025-03-03T17:07:38","slug":"presentation","status":"publish","type":"page","link":"https:\/\/www.it-pro.fr\/index.php\/presentation\/","title":{"rendered":"Pr\u00e9sentation"},"content":{"rendered":"\t\t<div data-elementor-type=\"wp-page\" data-elementor-id=\"1037\" class=\"elementor elementor-1037\" data-elementor-post-type=\"page\">\n\t\t\t\t<div class=\"elementor-element elementor-element-fb42a8 e-flex e-con-boxed e-con e-parent\" data-id=\"fb42a8\" data-element_type=\"container\" data-e-type=\"container\" data-settings=\"{&quot;background_background&quot;:&quot;classic&quot;}\">\n\t\t\t\t\t<div class=\"e-con-inner\">\n\t\t<div class=\"elementor-element elementor-element-5cdb53b8 e-con-full e-flex e-con e-child\" data-id=\"5cdb53b8\" data-element_type=\"container\" data-e-type=\"container\" data-settings=\"{&quot;background_background&quot;:&quot;classic&quot;}\">\n\t\t\t\t<div class=\"elementor-element elementor-element-30d70d22 elementor-widget elementor-widget-image-box\" data-id=\"30d70d22\" data-element_type=\"widget\" data-e-type=\"widget\" data-widget_type=\"image-box.default\">\n\t\t\t\t<div class=\"elementor-widget-container\">\n\t\t\t\t\t<div class=\"elementor-image-box-wrapper\"><div class=\"elementor-image-box-content\"><h4 class=\"elementor-image-box-title\">Mission<\/h4><p class=\"elementor-image-box-description\">Notre mission est d\u2019aider nos clients \u00e0 exploiter pleinement les technologies num\u00e9riques, en garantissant performance, s\u00e9curit\u00e9 et innovation. Nous proposons des solutions sur mesure adapt\u00e9es aux besoins sp\u00e9cifiques de chaque client.<\/p><\/div><\/div>\t\t\t\t<\/div>\n\t\t\t\t<\/div>\n\t\t\t\t<div class=\"elementor-element elementor-element-17f1a37c elementor-widget elementor-widget-image-box\" data-id=\"17f1a37c\" data-element_type=\"widget\" data-e-type=\"widget\" data-widget_type=\"image-box.default\">\n\t\t\t\t<div class=\"elementor-widget-container\">\n\t\t\t\t\t<div class=\"elementor-image-box-wrapper\"><div class=\"elementor-image-box-content\"><h4 class=\"elementor-image-box-title\">Valeurs<\/h4><p class=\"elementor-image-box-description\">Innovation : Int\u00e9grer les derni\u00e8res avanc\u00e9es technologiques pour des solutions performantes.\n<\/p><\/div><\/div>\t\t\t\t<\/div>\n\t\t\t\t<\/div>\n\t\t\t\t<div class=\"elementor-element elementor-element-8176f4b elementor-widget elementor-widget-image-box\" data-id=\"8176f4b\" data-element_type=\"widget\" data-e-type=\"widget\" data-widget_type=\"image-box.default\">\n\t\t\t\t<div class=\"elementor-widget-container\">\n\t\t\t\t\t<div class=\"elementor-image-box-wrapper\"><div class=\"elementor-image-box-content\"><p class=\"elementor-image-box-description\">Engagement : Accompagner chaque client avec attention et professionnalisme.\n<\/p><\/div><\/div>\t\t\t\t<\/div>\n\t\t\t\t<\/div>\n\t\t\t\t<div class=\"elementor-element elementor-element-ed73064 elementor-widget elementor-widget-image-box\" data-id=\"ed73064\" data-element_type=\"widget\" data-e-type=\"widget\" data-widget_type=\"image-box.default\">\n\t\t\t\t<div class=\"elementor-widget-container\">\n\t\t\t\t\t<div class=\"elementor-image-box-wrapper\"><div class=\"elementor-image-box-content\"><p class=\"elementor-image-box-description\">Int\u00e9grit\u00e9 : Travailler avec transparence et \u00e9thique.\n<\/p><\/div><\/div>\t\t\t\t<\/div>\n\t\t\t\t<\/div>\n\t\t\t\t<div class=\"elementor-element elementor-element-5b2086a elementor-widget elementor-widget-image-box\" data-id=\"5b2086a\" data-element_type=\"widget\" data-e-type=\"widget\" data-widget_type=\"image-box.default\">\n\t\t\t\t<div class=\"elementor-widget-container\">\n\t\t\t\t\t<div class=\"elementor-image-box-wrapper\"><div class=\"elementor-image-box-content\"><p class=\"elementor-image-box-description\">Excellence : Offrir des prestations de haute qualit\u00e9 avec un service client irr\u00e9prochable.<\/p><\/div><\/div>\t\t\t\t<\/div>\n\t\t\t\t<\/div>\n\t\t\t\t<\/div>\n\t\t<div class=\"elementor-element elementor-element-561403ca e-con-full e-flex e-con e-child\" data-id=\"561403ca\" data-element_type=\"container\" data-e-type=\"container\">\n\t\t\t\t<div class=\"elementor-element elementor-element-2716e314 elementor-widget elementor-widget-heading\" data-id=\"2716e314\" data-element_type=\"widget\" data-e-type=\"widget\" data-widget_type=\"heading.default\">\n\t\t\t\t<div class=\"elementor-widget-container\">\n\t\t\t\t\t<h2 class=\"elementor-heading-title elementor-size-default\">Pr\u00e9sentation de l'entreprise<\/h2>\t\t\t\t<\/div>\n\t\t\t\t<\/div>\n\t\t\t\t<div class=\"elementor-element elementor-element-7aeed8b7 elementor-widget elementor-widget-text-editor\" data-id=\"7aeed8b7\" data-element_type=\"widget\" data-e-type=\"widget\" data-widget_type=\"text-editor.default\">\n\t\t\t\t<div class=\"elementor-widget-container\">\n\t\t\t\t\t\t\t\t\t<p><strong data-start=\"92\" data-end=\"102\">IT-PRO<\/strong> est une entreprise sp\u00e9cialis\u00e9e dans les solutions technologiques, offrant des services en informatique, cybers\u00e9curit\u00e9 et transformation digitale. Nous accompagnons les entreprises dans l\u2019optimisation de leurs syst\u00e8mes informatiques, tout en proposant \u00e9galement des services de r\u00e9paration et d\u2019assistance pour les particuliers.<\/p>\t\t\t\t\t\t\t\t<\/div>\n\t\t\t\t<\/div>\n\t\t\t\t<\/div>\n\t\t\t\t\t<\/div>\n\t\t\t\t<\/div>\n\t\t\t\t<\/div>\n\t\t","protected":false},"excerpt":{"rendered":"<p>Mission Notre mission est d\u2019aider nos clients \u00e0 exploiter pleinement les technologies num\u00e9riques, en garantissant performance, s\u00e9curit\u00e9 et innovation. Nous proposons des solutions sur mesure adapt\u00e9es aux besoins sp\u00e9cifiques de chaque client. Valeurs Innovation : Int\u00e9grer les derni\u00e8res avanc\u00e9es technologiques pour des solutions performantes. Engagement : Accompagner chaque client avec attention et professionnalisme. Int\u00e9grit\u00e9 :&#8230;<\/p>\n","protected":false},"author":1,"featured_media":0,"parent":0,"menu_order":0,"comment_status":"closed","ping_status":"closed","template":"","meta":{"_kad_post_transparent":"","_kad_post_title":"hide","_kad_post_layout":"fullwidth","_kad_post_sidebar_id":"","_kad_post_content_style":"unboxed","_kad_post_vertical_padding":"hide","_kad_post_feature":"hide","_kad_post_feature_position":"","_kad_post_header":false,"_kad_post_footer":false,"_kad_post_classname":"","footnotes":""},"class_list":["post-1037","page","type-page","status-publish","hentry"],"yoast_head":"<!-- This site is optimized with the Yoast SEO plugin v27.5 - https:\/\/yoast.com\/product\/yoast-seo-wordpress\/ -->\n<title>Pr\u00e9sentation - IT-PRO<\/title>\n<meta name=\"robots\" content=\"index, follow, max-snippet:-1, max-image-preview:large, max-video-preview:-1\" \/>\n<link rel=\"canonical\" href=\"https:\/\/www.it-pro.fr\/index.php\/presentation\/\" \/>\n<meta property=\"og:locale\" content=\"fr_FR\" \/>\n<meta property=\"og:type\" content=\"article\" \/>\n<meta property=\"og:title\" content=\"Pr\u00e9sentation - IT-PRO\" \/>\n<meta property=\"og:description\" content=\"Mission Notre mission est d\u2019aider nos clients \u00e0 exploiter pleinement les technologies num\u00e9riques, en garantissant performance, s\u00e9curit\u00e9 et innovation. Nous proposons des solutions sur mesure adapt\u00e9es aux besoins sp\u00e9cifiques de chaque client. Valeurs Innovation : Int\u00e9grer les derni\u00e8res avanc\u00e9es technologiques pour des solutions performantes. Engagement : Accompagner chaque client avec attention et professionnalisme. Int\u00e9grit\u00e9 :...\" \/>\n<meta property=\"og:url\" content=\"https:\/\/www.it-pro.fr\/index.php\/presentation\/\" \/>\n<meta property=\"og:site_name\" content=\"IT-PRO\" \/>\n<meta property=\"article:publisher\" content=\"https:\/\/www.facebook.com\/profile.php?id=61573944776199\" \/>\n<meta property=\"article:modified_time\" content=\"2025-03-03T17:07:38+00:00\" \/>\n<meta name=\"twitter:card\" content=\"summary_large_image\" \/>\n<meta name=\"twitter:label1\" content=\"Dur\u00e9e de lecture estim\u00e9e\" \/>\n\t<meta name=\"twitter:data1\" content=\"1 minute\" \/>\n<script type=\"application\/ld+json\" class=\"yoast-schema-graph\">{\"@context\":\"https:\\\/\\\/schema.org\",\"@graph\":[{\"@type\":\"WebPage\",\"@id\":\"https:\\\/\\\/www.it-pro.fr\\\/index.php\\\/presentation\\\/\",\"url\":\"https:\\\/\\\/www.it-pro.fr\\\/index.php\\\/presentation\\\/\",\"name\":\"Pr\u00e9sentation - IT-PRO\",\"isPartOf\":{\"@id\":\"https:\\\/\\\/www.it-pro.fr\\\/#website\"},\"datePublished\":\"2025-03-03T17:03:28+00:00\",\"dateModified\":\"2025-03-03T17:07:38+00:00\",\"breadcrumb\":{\"@id\":\"https:\\\/\\\/www.it-pro.fr\\\/index.php\\\/presentation\\\/#breadcrumb\"},\"inLanguage\":\"fr-FR\",\"potentialAction\":[{\"@type\":\"ReadAction\",\"target\":[\"https:\\\/\\\/www.it-pro.fr\\\/index.php\\\/presentation\\\/\"]}]},{\"@type\":\"BreadcrumbList\",\"@id\":\"https:\\\/\\\/www.it-pro.fr\\\/index.php\\\/presentation\\\/#breadcrumb\",\"itemListElement\":[{\"@type\":\"ListItem\",\"position\":1,\"name\":\"Accueil\",\"item\":\"https:\\\/\\\/www.it-pro.fr\\\/\"},{\"@type\":\"ListItem\",\"position\":2,\"name\":\"Pr\u00e9sentation\"}]},{\"@type\":\"WebSite\",\"@id\":\"https:\\\/\\\/www.it-pro.fr\\\/#website\",\"url\":\"https:\\\/\\\/www.it-pro.fr\\\/\",\"name\":\"IT-PRO\",\"description\":\"Informatique &amp; T\u00e9l\u00e9phones\",\"publisher\":{\"@id\":\"https:\\\/\\\/www.it-pro.fr\\\/#organization\"},\"potentialAction\":[{\"@type\":\"SearchAction\",\"target\":{\"@type\":\"EntryPoint\",\"urlTemplate\":\"https:\\\/\\\/www.it-pro.fr\\\/?s={search_term_string}\"},\"query-input\":{\"@type\":\"PropertyValueSpecification\",\"valueRequired\":true,\"valueName\":\"search_term_string\"}}],\"inLanguage\":\"fr-FR\"},{\"@type\":\"Organization\",\"@id\":\"https:\\\/\\\/www.it-pro.fr\\\/#organization\",\"name\":\"IT-PRO\",\"url\":\"https:\\\/\\\/www.it-pro.fr\\\/\",\"logo\":{\"@type\":\"ImageObject\",\"inLanguage\":\"fr-FR\",\"@id\":\"https:\\\/\\\/www.it-pro.fr\\\/#\\\/schema\\\/logo\\\/image\\\/\",\"url\":\"https:\\\/\\\/www.it-pro.fr\\\/wp-content\\\/uploads\\\/2025\\\/01\\\/cropped-cropped-cropped-Photoroom-20241227_184125.png\",\"contentUrl\":\"https:\\\/\\\/www.it-pro.fr\\\/wp-content\\\/uploads\\\/2025\\\/01\\\/cropped-cropped-cropped-Photoroom-20241227_184125.png\",\"width\":511,\"height\":512,\"caption\":\"IT-PRO\"},\"image\":{\"@id\":\"https:\\\/\\\/www.it-pro.fr\\\/#\\\/schema\\\/logo\\\/image\\\/\"},\"sameAs\":[\"https:\\\/\\\/www.facebook.com\\\/profile.php?id=61573944776199\",\"https:\\\/\\\/www.instagram.com\\\/it_pro42\\\/\"]}]}<\/script>\n<!-- \/ Yoast SEO plugin. -->","yoast_head_json":{"title":"Pr\u00e9sentation - IT-PRO","robots":{"index":"index","follow":"follow","max-snippet":"max-snippet:-1","max-image-preview":"max-image-preview:large","max-video-preview":"max-video-preview:-1"},"canonical":"https:\/\/www.it-pro.fr\/index.php\/presentation\/","og_locale":"fr_FR","og_type":"article","og_title":"Pr\u00e9sentation - IT-PRO","og_description":"Mission Notre mission est d\u2019aider nos clients \u00e0 exploiter pleinement les technologies num\u00e9riques, en garantissant performance, s\u00e9curit\u00e9 et innovation. Nous proposons des solutions sur mesure adapt\u00e9es aux besoins sp\u00e9cifiques de chaque client. Valeurs Innovation : Int\u00e9grer les derni\u00e8res avanc\u00e9es technologiques pour des solutions performantes. Engagement : Accompagner chaque client avec attention et professionnalisme. Int\u00e9grit\u00e9 :...","og_url":"https:\/\/www.it-pro.fr\/index.php\/presentation\/","og_site_name":"IT-PRO","article_publisher":"https:\/\/www.facebook.com\/profile.php?id=61573944776199","article_modified_time":"2025-03-03T17:07:38+00:00","twitter_card":"summary_large_image","twitter_misc":{"Dur\u00e9e de lecture estim\u00e9e":"1 minute"},"schema":{"@context":"https:\/\/schema.org","@graph":[{"@type":"WebPage","@id":"https:\/\/www.it-pro.fr\/index.php\/presentation\/","url":"https:\/\/www.it-pro.fr\/index.php\/presentation\/","name":"Pr\u00e9sentation - IT-PRO","isPartOf":{"@id":"https:\/\/www.it-pro.fr\/#website"},"datePublished":"2025-03-03T17:03:28+00:00","dateModified":"2025-03-03T17:07:38+00:00","breadcrumb":{"@id":"https:\/\/www.it-pro.fr\/index.php\/presentation\/#breadcrumb"},"inLanguage":"fr-FR","potentialAction":[{"@type":"ReadAction","target":["https:\/\/www.it-pro.fr\/index.php\/presentation\/"]}]},{"@type":"BreadcrumbList","@id":"https:\/\/www.it-pro.fr\/index.php\/presentation\/#breadcrumb","itemListElement":[{"@type":"ListItem","position":1,"name":"Accueil","item":"https:\/\/www.it-pro.fr\/"},{"@type":"ListItem","position":2,"name":"Pr\u00e9sentation"}]},{"@type":"WebSite","@id":"https:\/\/www.it-pro.fr\/#website","url":"https:\/\/www.it-pro.fr\/","name":"IT-PRO","description":"Informatique &amp; T\u00e9l\u00e9phones","publisher":{"@id":"https:\/\/www.it-pro.fr\/#organization"},"potentialAction":[{"@type":"SearchAction","target":{"@type":"EntryPoint","urlTemplate":"https:\/\/www.it-pro.fr\/?s={search_term_string}"},"query-input":{"@type":"PropertyValueSpecification","valueRequired":true,"valueName":"search_term_string"}}],"inLanguage":"fr-FR"},{"@type":"Organization","@id":"https:\/\/www.it-pro.fr\/#organization","name":"IT-PRO","url":"https:\/\/www.it-pro.fr\/","logo":{"@type":"ImageObject","inLanguage":"fr-FR","@id":"https:\/\/www.it-pro.fr\/#\/schema\/logo\/image\/","url":"https:\/\/www.it-pro.fr\/wp-content\/uploads\/2025\/01\/cropped-cropped-cropped-Photoroom-20241227_184125.png","contentUrl":"https:\/\/www.it-pro.fr\/wp-content\/uploads\/2025\/01\/cropped-cropped-cropped-Photoroom-20241227_184125.png","width":511,"height":512,"caption":"IT-PRO"},"image":{"@id":"https:\/\/www.it-pro.fr\/#\/schema\/logo\/image\/"},"sameAs":["https:\/\/www.facebook.com\/profile.php?id=61573944776199","https:\/\/www.instagram.com\/it_pro42\/"]}]}},"jetpack_sharing_enabled":true,"_links":{"self":[{"href":"https:\/\/www.it-pro.fr\/index.php\/wp-json\/wp\/v2\/pages\/1037","targetHints":{"allow":["GET"]}}],"collection":[{"href":"https:\/\/www.it-pro.fr\/index.php\/wp-json\/wp\/v2\/pages"}],"about":[{"href":"https:\/\/www.it-pro.fr\/index.php\/wp-json\/wp\/v2\/types\/page"}],"author":[{"embeddable":true,"href":"https:\/\/www.it-pro.fr\/index.php\/wp-json\/wp\/v2\/users\/1"}],"replies":[{"embeddable":true,"href":"https:\/\/www.it-pro.fr\/index.php\/wp-json\/wp\/v2\/comments?post=1037"}],"version-history":[{"count":4,"href":"https:\/\/www.it-pro.fr\/index.php\/wp-json\/wp\/v2\/pages\/1037\/revisions"}],"predecessor-version":[{"id":1041,"href":"https:\/\/www.it-pro.fr\/index.php\/wp-json\/wp\/v2\/pages\/1037\/revisions\/1041"}],"wp:attachment":[{"href":"https:\/\/www.it-pro.fr\/index.php\/wp-json\/wp\/v2\/media?parent=1037"}],"curies":[{"name":"wp","href":"https:\/\/api.w.org\/{rel}","templated":true}]}}